{"id":1011,"date":"2019-12-10T21:13:48","date_gmt":"2019-12-10T21:13:48","guid":{"rendered":"http:\/\/ordo.lt\/?page_id=1011"},"modified":"2020-02-09T18:06:54","modified_gmt":"2020-02-09T18:06:54","slug":"hidrauliniu-zarnu-gamyba","status":"publish","type":"page","link":"https:\/\/ordo.lt\/index.php\/hidrauliniu-zarnu-gamyba\/","title":{"rendered":"Hidraulini\u0173 \u017earn\u0173 gamyba"},"content":{"rendered":"\t\t<div data-elementor-type=\"wp-page\" data-elementor-id=\"1011\" class=\"elementor elementor-1011\">\n\t\t\t\t\t\t<section class=\"elementor-section elementor-top-section elementor-element elementor-element-2333bc4 elementor-section-boxed elementor-section-height-default elementor-section-height-default\" data-id=\"2333bc4\" data-element_type=\"section\" data-e-type=\"section\" data-settings=\"{&quot;background_background&quot;:&quot;classic&quot;}\">\n\t\t\t\t\t\t<div class=\"elementor-container elementor-column-gap-default\">\n\t\t\t\t\t<div class=\"elementor-column elementor-col-100 elementor-top-column elementor-element elementor-element-1aa7885\" data-id=\"1aa7885\" data-element_type=\"column\" data-e-type=\"column\">\n\t\t\t<div class=\"elementor-widget-wrap elementor-element-populated\">\n\t\t\t\t\t\t<div class=\"elementor-element elementor-element-b642951 elementor-widget elementor-widget-heading\" data-id=\"b642951\" data-element_type=\"widget\" data-e-type=\"widget\" data-widget_type=\"heading.default\">\n\t\t\t\t<div class=\"elementor-widget-container\">\n\t\t\t\t\t<h2 class=\"elementor-heading-title elementor-size-default\">Auk\u0161to sl\u0117gio hidraulini\u0173 \u017earn\u0173 gamyba ir remontas<\/h2>\t\t\t\t<\/div>\n\t\t\t\t<\/div>\n\t\t\t\t\t<\/div>\n\t\t<\/div>\n\t\t\t\t\t<\/div>\n\t\t<\/section>\n\t\t\t\t<section class=\"elementor-section elementor-top-section elementor-element elementor-element-bbafb5c elementor-section-content-middle elementor-section-boxed elementor-section-height-default elementor-section-height-default\" data-id=\"bbafb5c\" data-element_type=\"section\" data-e-type=\"section\">\n\t\t\t\t\t\t<div class=\"elementor-container elementor-column-gap-default\">\n\t\t\t\t\t<div class=\"elementor-column elementor-col-50 elementor-top-column elementor-element elementor-element-e4392a0\" data-id=\"e4392a0\" data-element_type=\"column\" data-e-type=\"column\">\n\t\t\t<div class=\"elementor-widget-wrap elementor-element-populated\">\n\t\t\t\t\t\t<div class=\"elementor-element elementor-element-aa2d13c elementor-widget elementor-widget-image\" data-id=\"aa2d13c\" data-element_type=\"widget\" data-e-type=\"widget\" data-widget_type=\"image.default\">\n\t\t\t\t<div class=\"elementor-widget-container\">\n\t\t\t\t\t\t\t\t\t\t\t\t\t\t\t<img fetchpriority=\"high\" decoding=\"async\" width=\"1024\" height=\"670\" src=\"https:\/\/ordo.lt\/wp-content\/uploads\/2019\/12\/002318-1-1024x670.jpg\" class=\"attachment-large size-large wp-image-1018\" alt=\"\" srcset=\"https:\/\/ordo.lt\/wp-content\/uploads\/2019\/12\/002318-1-1024x670.jpg 1024w, https:\/\/ordo.lt\/wp-content\/uploads\/2019\/12\/002318-1-300x196.jpg 300w, https:\/\/ordo.lt\/wp-content\/uploads\/2019\/12\/002318-1-768x503.jpg 768w, https:\/\/ordo.lt\/wp-content\/uploads\/2019\/12\/002318-1.jpg 1358w\" sizes=\"(max-width: 1024px) 100vw, 1024px\" \/>\t\t\t\t\t\t\t\t\t\t\t\t\t\t\t<\/div>\n\t\t\t\t<\/div>\n\t\t\t\t\t<\/div>\n\t\t<\/div>\n\t\t\t\t<div class=\"elementor-column elementor-col-50 elementor-top-column elementor-element elementor-element-b87a558\" data-id=\"b87a558\" data-element_type=\"column\" data-e-type=\"column\">\n\t\t\t<div class=\"elementor-widget-wrap elementor-element-populated\">\n\t\t\t\t\t\t<div class=\"elementor-element elementor-element-8779527 elementor-widget elementor-widget-text-editor\" data-id=\"8779527\" data-element_type=\"widget\" data-e-type=\"widget\" data-widget_type=\"text-editor.default\">\n\t\t\t\t<div class=\"elementor-widget-container\">\n\t\t\t\t\t\t\t\t\t<p>Hidraulini\u0173 \u017earn\u0173 gamyba atliekama naudojant\u00a0 elektrohidraulinius antgali\u0173 presavimo \u012frenginius, kuri\u0173 pagalba yra u\u017etikrinama tiksli antgalio presavimo j\u0117ga, tod\u0117l hidraulini\u0173 \u017earn\u0173 gamyba tampa ne tik greita, bet ir patikima.<\/p>\t\t\t\t\t\t\t\t<\/div>\n\t\t\t\t<\/div>\n\t\t\t\t\t<\/div>\n\t\t<\/div>\n\t\t\t\t\t<\/div>\n\t\t<\/section>\n\t\t\t\t<section class=\"elementor-section elementor-top-section elementor-element elementor-element-6331729 elementor-section-boxed elementor-section-height-default elementor-section-height-default\" data-id=\"6331729\" data-element_type=\"section\" data-e-type=\"section\" data-settings=\"{&quot;background_background&quot;:&quot;classic&quot;}\">\n\t\t\t\t\t\t<div class=\"elementor-container elementor-column-gap-default\">\n\t\t\t\t\t<div class=\"elementor-column elementor-col-33 elementor-top-column elementor-element elementor-element-d109960\" data-id=\"d109960\" data-element_type=\"column\" data-e-type=\"column\">\n\t\t\t<div class=\"elementor-widget-wrap elementor-element-populated\">\n\t\t\t\t\t\t<div class=\"elementor-element elementor-element-1caf476 elementor-widget elementor-widget-heading\" data-id=\"1caf476\" data-element_type=\"widget\" data-e-type=\"widget\" data-widget_type=\"heading.default\">\n\t\t\t\t<div class=\"elementor-widget-container\">\n\t\t\t\t\t<h3 class=\"elementor-heading-title elementor-size-default\">Hidraulin\u0117s \u017earnos <\/h3>\t\t\t\t<\/div>\n\t\t\t\t<\/div>\n\t\t\t\t<div class=\"elementor-element elementor-element-30428bc elementor-widget elementor-widget-image\" data-id=\"30428bc\" data-element_type=\"widget\" data-e-type=\"widget\" data-widget_type=\"image.default\">\n\t\t\t\t<div class=\"elementor-widget-container\">\n\t\t\t\t\t\t\t\t\t\t\t\t\t\t\t<img decoding=\"async\" width=\"741\" height=\"494\" src=\"https:\/\/ordo.lt\/wp-content\/uploads\/2019\/12\/V6-1.jpg\" class=\"attachment-large size-large wp-image-1030\" alt=\"\" srcset=\"https:\/\/ordo.lt\/wp-content\/uploads\/2019\/12\/V6-1.jpg 741w, https:\/\/ordo.lt\/wp-content\/uploads\/2019\/12\/V6-1-300x200.jpg 300w\" sizes=\"(max-width: 741px) 100vw, 741px\" \/>\t\t\t\t\t\t\t\t\t\t\t\t\t\t\t<\/div>\n\t\t\t\t<\/div>\n\t\t\t\t<div class=\"elementor-element elementor-element-bfd640a elementor-widget elementor-widget-text-editor\" data-id=\"bfd640a\" data-element_type=\"widget\" data-e-type=\"widget\" data-widget_type=\"text-editor.default\">\n\t\t\t\t<div class=\"elementor-widget-container\">\n\t\t\t\t\t\t\t\t\t<p>Galime pasi\u016blyti vieno arba dviej\u0173 plienini\u0173 sluoksni\u0173 hidraulines \u017earnas.<br \/>Vidinis skersmuo: nuo 4,8mm (3\/16&#8221;) iki 63,5mm (2 1\/2&#8221;)<br \/>WP-215 bar (3\/4 19&#215;29.5)<br \/>Darbinis sl\u0117gis: nuo 40 iki 450 bar.<br \/>Temperat\u016bra: nuo -40 iki +100<br \/>Sluoksnis: alyvai atspari sintetin\u0117 guma<br \/>Standartas: EN853 2SN &#8211; SAE 100 R2AT &#8211; ISO 1436-1 2SN\/R2AT<\/p>\t\t\t\t\t\t\t\t<\/div>\n\t\t\t\t<\/div>\n\t\t\t\t\t<\/div>\n\t\t<\/div>\n\t\t\t\t<div class=\"elementor-column elementor-col-33 elementor-top-column elementor-element elementor-element-9d1411f\" data-id=\"9d1411f\" data-element_type=\"column\" data-e-type=\"column\">\n\t\t\t<div class=\"elementor-widget-wrap elementor-element-populated\">\n\t\t\t\t\t\t<div class=\"elementor-element elementor-element-a3c5c6a elementor-widget elementor-widget-heading\" data-id=\"a3c5c6a\" data-element_type=\"widget\" data-e-type=\"widget\" data-widget_type=\"heading.default\">\n\t\t\t\t<div class=\"elementor-widget-container\">\n\t\t\t\t\t<h3 class=\"elementor-heading-title elementor-size-default\">Hidraulini\u0173 \u017earn\u0173 antgaliai, apspaudimo \u012fvor\u0117s<\/h3>\t\t\t\t<\/div>\n\t\t\t\t<\/div>\n\t\t\t\t<div class=\"elementor-element elementor-element-dc31f56 elementor-widget elementor-widget-image\" data-id=\"dc31f56\" data-element_type=\"widget\" data-e-type=\"widget\" data-widget_type=\"image.default\">\n\t\t\t\t<div class=\"elementor-widget-container\">\n\t\t\t\t\t\t\t\t\t\t\t\t\t\t\t<img decoding=\"async\" width=\"741\" height=\"494\" src=\"https:\/\/ordo.lt\/wp-content\/uploads\/2019\/12\/svv-1.jpg\" class=\"attachment-large size-large wp-image-1033\" alt=\"\" srcset=\"https:\/\/ordo.lt\/wp-content\/uploads\/2019\/12\/svv-1.jpg 741w, https:\/\/ordo.lt\/wp-content\/uploads\/2019\/12\/svv-1-300x200.jpg 300w\" sizes=\"(max-width: 741px) 100vw, 741px\" \/>\t\t\t\t\t\t\t\t\t\t\t\t\t\t\t<\/div>\n\t\t\t\t<\/div>\n\t\t\t\t<div class=\"elementor-element elementor-element-5f726a5 elementor-widget elementor-widget-text-editor\" data-id=\"5f726a5\" data-element_type=\"widget\" data-e-type=\"widget\" data-widget_type=\"text-editor.default\">\n\t\t\t\t<div class=\"elementor-widget-container\">\n\t\t\t\t\t\t\t\t\t<p>Antgaliai ir apspaudimo \u012fvor\u0117s hidraulini\u0173 \u017earn\u0173 gamybai.<br \/>BSP, NPT, JIC, SAE, ORFS, standartai.<br \/>Ties\u016bs, lenkti 45 ar 90 laipsni\u0173 kampu.<\/p>\t\t\t\t\t\t\t\t<\/div>\n\t\t\t\t<\/div>\n\t\t\t\t\t<\/div>\n\t\t<\/div>\n\t\t\t\t<div class=\"elementor-column elementor-col-33 elementor-top-column elementor-element elementor-element-356eecf\" data-id=\"356eecf\" data-element_type=\"column\" data-e-type=\"column\">\n\t\t\t<div class=\"elementor-widget-wrap elementor-element-populated\">\n\t\t\t\t\t\t<div class=\"elementor-element elementor-element-4bd33f5 elementor-widget elementor-widget-heading\" data-id=\"4bd33f5\" data-element_type=\"widget\" data-e-type=\"widget\" data-widget_type=\"heading.default\">\n\t\t\t\t<div class=\"elementor-widget-container\">\n\t\t\t\t\t<h3 class=\"elementor-heading-title elementor-size-default\">Greito jungimo movos<\/h3>\t\t\t\t<\/div>\n\t\t\t\t<\/div>\n\t\t\t\t<div class=\"elementor-element elementor-element-397a7d7 elementor-widget elementor-widget-image\" data-id=\"397a7d7\" data-element_type=\"widget\" data-e-type=\"widget\" data-widget_type=\"image.default\">\n\t\t\t\t<div class=\"elementor-widget-container\">\n\t\t\t\t\t\t\t\t\t\t\t\t\t\t\t<img loading=\"lazy\" decoding=\"async\" width=\"741\" height=\"494\" src=\"https:\/\/ordo.lt\/wp-content\/uploads\/2019\/12\/S85-1.jpg\" class=\"attachment-large size-large wp-image-1036\" alt=\"\" srcset=\"https:\/\/ordo.lt\/wp-content\/uploads\/2019\/12\/S85-1.jpg 741w, https:\/\/ordo.lt\/wp-content\/uploads\/2019\/12\/S85-1-300x200.jpg 300w\" sizes=\"(max-width: 741px) 100vw, 741px\" \/>\t\t\t\t\t\t\t\t\t\t\t\t\t\t\t<\/div>\n\t\t\t\t<\/div>\n\t\t\t\t<div class=\"elementor-element elementor-element-9648a4f elementor-widget elementor-widget-text-editor\" data-id=\"9648a4f\" data-element_type=\"widget\" data-e-type=\"widget\" data-widget_type=\"text-editor.default\">\n\t\t\t\t<div class=\"elementor-widget-container\">\n\t\t\t\t\t\t\t\t\t<p>Movos HS M su vidiniu sriegiu DIN 3852<br \/>Movos HS M su i\u0161oriniu sriegiu DIN 3852<\/p>\t\t\t\t\t\t\t\t<\/div>\n\t\t\t\t<\/div>\n\t\t\t\t\t<\/div>\n\t\t<\/div>\n\t\t\t\t\t<\/div>\n\t\t<\/section>\n\t\t\t\t<\/div>\n\t\t","protected":false},"excerpt":{"rendered":"<p>Auk\u0161to sl\u0117gio hidraulini\u0173 \u017earn\u0173 gamyba ir remontas Hidraulini\u0173 \u017earn\u0173 gamyba atliekama naudojant\u00a0 elektrohidraulinius antgali\u0173 presavimo \u012frenginius, kuri\u0173 pagalba yra u\u017etikrinama tiksli antgalio presavimo j\u0117ga, tod\u0117l hidraulini\u0173 \u017earn\u0173 gamyba tampa ne tik greita, bet ir patikima. Hidraulin\u0117s \u017earnos Galime pasi\u016blyti vieno arba dviej\u0173 plienini\u0173 sluoksni\u0173 hidraulines \u017earnas.Vidinis skersmuo: nuo 4,8mm (3\/16&#8221;) iki 63,5mm (2 1\/2&#8221;)WP-215 bar &#8230; <a title=\"Hidraulini\u0173 \u017earn\u0173 gamyba\" class=\"read-more\" href=\"https:\/\/ordo.lt\/index.php\/hidrauliniu-zarnu-gamyba\/\" aria-label=\"Read more about Hidraulini\u0173 \u017earn\u0173 gamyba\">Read more<\/a><\/p>\n","protected":false},"author":1,"featured_media":1016,"parent":0,"menu_order":0,"comment_status":"closed","ping_status":"closed","template":"","meta":{"footnotes":""},"class_list":["post-1011","page","type-page","status-publish","has-post-thumbnail"],"yoast_head":"<!-- This site is optimized with the Yoast SEO Premium plugin v27.1 (Yoast SEO v27.1.1) - https:\/\/yoast.com\/product\/yoast-seo-premium-wordpress\/ -->\n<title>Hidraulini\u0173 \u017earn\u0173 gamyba - UAB Ordo<\/title>\n<meta name=\"robots\" content=\"index, follow, max-snippet:-1, max-image-preview:large, max-video-preview:-1\" \/>\n<link rel=\"canonical\" href=\"https:\/\/ordo.lt\/index.php\/hidrauliniu-zarnu-gamyba\/\" \/>\n<meta property=\"og:locale\" content=\"lt_LT\" \/>\n<meta property=\"og:type\" content=\"article\" \/>\n<meta property=\"og:title\" content=\"Hidraulini\u0173 \u017earn\u0173 gamyba\" \/>\n<meta property=\"og:description\" content=\"Auk\u0161to sl\u0117gio hidraulini\u0173 \u017earn\u0173 gamyba ir remontas Hidraulini\u0173 \u017earn\u0173 gamyba atliekama naudojant\u00a0 elektrohidraulinius antgali\u0173 presavimo \u012frenginius, kuri\u0173 pagalba yra u\u017etikrinama tiksli antgalio presavimo j\u0117ga, tod\u0117l hidraulini\u0173 \u017earn\u0173 gamyba tampa ne tik greita, bet ir patikima. Hidraulin\u0117s \u017earnos Galime pasi\u016blyti vieno arba dviej\u0173 plienini\u0173 sluoksni\u0173 hidraulines \u017earnas.Vidinis skersmuo: nuo 4,8mm (3\/16&#8221;) iki 63,5mm (2 1\/2&#8221;)WP-215 bar ... Read more\" \/>\n<meta property=\"og:url\" content=\"https:\/\/ordo.lt\/index.php\/hidrauliniu-zarnu-gamyba\/\" \/>\n<meta property=\"og:site_name\" content=\"UAB Ordo\" \/>\n<meta property=\"article:modified_time\" content=\"2020-02-09T18:06:54+00:00\" \/>\n<meta property=\"og:image\" content=\"https:\/\/ordo.lt\/wp-content\/uploads\/2019\/12\/p4t-1.jpg\" \/>\n\t<meta property=\"og:image:width\" content=\"1920\" \/>\n\t<meta property=\"og:image:height\" content=\"450\" \/>\n\t<meta property=\"og:image:type\" content=\"image\/jpeg\" \/>\n<meta name=\"twitter:card\" content=\"summary_large_image\" \/>\n<meta name=\"twitter:label1\" content=\"Est. reading time\" \/>\n\t<meta name=\"twitter:data1\" content=\"1 minut\u0117\" \/>\n<script type=\"application\/ld+json\" class=\"yoast-schema-graph\">{\"@context\":\"https:\/\/schema.org\",\"@graph\":[{\"@type\":\"WebPage\",\"@id\":\"https:\/\/ordo.lt\/index.php\/hidrauliniu-zarnu-gamyba\/\",\"url\":\"https:\/\/ordo.lt\/index.php\/hidrauliniu-zarnu-gamyba\/\",\"name\":\"Hidraulini\u0173 \u017earn\u0173 gamyba - UAB Ordo\",\"isPartOf\":{\"@id\":\"https:\/\/ordo.lt\/#website\"},\"primaryImageOfPage\":{\"@id\":\"https:\/\/ordo.lt\/index.php\/hidrauliniu-zarnu-gamyba\/#primaryimage\"},\"image\":{\"@id\":\"https:\/\/ordo.lt\/index.php\/hidrauliniu-zarnu-gamyba\/#primaryimage\"},\"thumbnailUrl\":\"https:\/\/ordo.lt\/wp-content\/uploads\/2019\/12\/p4t-1.jpg\",\"datePublished\":\"2019-12-10T21:13:48+00:00\",\"dateModified\":\"2020-02-09T18:06:54+00:00\",\"breadcrumb\":{\"@id\":\"https:\/\/ordo.lt\/index.php\/hidrauliniu-zarnu-gamyba\/#breadcrumb\"},\"inLanguage\":\"lt-LT\",\"potentialAction\":[{\"@type\":\"ReadAction\",\"target\":[\"https:\/\/ordo.lt\/index.php\/hidrauliniu-zarnu-gamyba\/\"]}]},{\"@type\":\"ImageObject\",\"inLanguage\":\"lt-LT\",\"@id\":\"https:\/\/ordo.lt\/index.php\/hidrauliniu-zarnu-gamyba\/#primaryimage\",\"url\":\"https:\/\/ordo.lt\/wp-content\/uploads\/2019\/12\/p4t-1.jpg\",\"contentUrl\":\"https:\/\/ordo.lt\/wp-content\/uploads\/2019\/12\/p4t-1.jpg\",\"width\":1920,\"height\":450},{\"@type\":\"BreadcrumbList\",\"@id\":\"https:\/\/ordo.lt\/index.php\/hidrauliniu-zarnu-gamyba\/#breadcrumb\",\"itemListElement\":[{\"@type\":\"ListItem\",\"position\":1,\"name\":\"Home\",\"item\":\"https:\/\/ordo.lt\/\"},{\"@type\":\"ListItem\",\"position\":2,\"name\":\"Hidraulini\u0173 \u017earn\u0173 gamyba\"}]},{\"@type\":\"WebSite\",\"@id\":\"https:\/\/ordo.lt\/#website\",\"url\":\"https:\/\/ordo.lt\/\",\"name\":\"UAB Ordo\",\"description\":\"\",\"publisher\":{\"@id\":\"https:\/\/ordo.lt\/#organization\"},\"potentialAction\":[{\"@type\":\"SearchAction\",\"target\":{\"@type\":\"EntryPoint\",\"urlTemplate\":\"https:\/\/ordo.lt\/?s={search_term_string}\"},\"query-input\":{\"@type\":\"PropertyValueSpecification\",\"valueRequired\":true,\"valueName\":\"search_term_string\"}}],\"inLanguage\":\"lt-LT\"},{\"@type\":\"Organization\",\"@id\":\"https:\/\/ordo.lt\/#organization\",\"name\":\"UAB Ordo\",\"url\":\"https:\/\/ordo.lt\/\",\"logo\":{\"@type\":\"ImageObject\",\"inLanguage\":\"lt-LT\",\"@id\":\"https:\/\/ordo.lt\/#\/schema\/logo\/image\/\",\"url\":\"https:\/\/ordo.lt\/wp-content\/uploads\/2019\/09\/ordo-logo-small.png\",\"contentUrl\":\"https:\/\/ordo.lt\/wp-content\/uploads\/2019\/09\/ordo-logo-small.png\",\"width\":200,\"height\":104,\"caption\":\"UAB Ordo\"},\"image\":{\"@id\":\"https:\/\/ordo.lt\/#\/schema\/logo\/image\/\"}}]}<\/script>\n<!-- \/ Yoast SEO Premium plugin. -->","yoast_head_json":{"title":"Hidraulini\u0173 \u017earn\u0173 gamyba - UAB Ordo","robots":{"index":"index","follow":"follow","max-snippet":"max-snippet:-1","max-image-preview":"max-image-preview:large","max-video-preview":"max-video-preview:-1"},"canonical":"https:\/\/ordo.lt\/index.php\/hidrauliniu-zarnu-gamyba\/","og_locale":"lt_LT","og_type":"article","og_title":"Hidraulini\u0173 \u017earn\u0173 gamyba","og_description":"Auk\u0161to sl\u0117gio hidraulini\u0173 \u017earn\u0173 gamyba ir remontas Hidraulini\u0173 \u017earn\u0173 gamyba atliekama naudojant\u00a0 elektrohidraulinius antgali\u0173 presavimo \u012frenginius, kuri\u0173 pagalba yra u\u017etikrinama tiksli antgalio presavimo j\u0117ga, tod\u0117l hidraulini\u0173 \u017earn\u0173 gamyba tampa ne tik greita, bet ir patikima. Hidraulin\u0117s \u017earnos Galime pasi\u016blyti vieno arba dviej\u0173 plienini\u0173 sluoksni\u0173 hidraulines \u017earnas.Vidinis skersmuo: nuo 4,8mm (3\/16&#8221;) iki 63,5mm (2 1\/2&#8221;)WP-215 bar ... Read more","og_url":"https:\/\/ordo.lt\/index.php\/hidrauliniu-zarnu-gamyba\/","og_site_name":"UAB Ordo","article_modified_time":"2020-02-09T18:06:54+00:00","og_image":[{"width":1920,"height":450,"url":"https:\/\/ordo.lt\/wp-content\/uploads\/2019\/12\/p4t-1.jpg","type":"image\/jpeg"}],"twitter_card":"summary_large_image","twitter_misc":{"Est. reading time":"1 minut\u0117"},"schema":{"@context":"https:\/\/schema.org","@graph":[{"@type":"WebPage","@id":"https:\/\/ordo.lt\/index.php\/hidrauliniu-zarnu-gamyba\/","url":"https:\/\/ordo.lt\/index.php\/hidrauliniu-zarnu-gamyba\/","name":"Hidraulini\u0173 \u017earn\u0173 gamyba - UAB Ordo","isPartOf":{"@id":"https:\/\/ordo.lt\/#website"},"primaryImageOfPage":{"@id":"https:\/\/ordo.lt\/index.php\/hidrauliniu-zarnu-gamyba\/#primaryimage"},"image":{"@id":"https:\/\/ordo.lt\/index.php\/hidrauliniu-zarnu-gamyba\/#primaryimage"},"thumbnailUrl":"https:\/\/ordo.lt\/wp-content\/uploads\/2019\/12\/p4t-1.jpg","datePublished":"2019-12-10T21:13:48+00:00","dateModified":"2020-02-09T18:06:54+00:00","breadcrumb":{"@id":"https:\/\/ordo.lt\/index.php\/hidrauliniu-zarnu-gamyba\/#breadcrumb"},"inLanguage":"lt-LT","potentialAction":[{"@type":"ReadAction","target":["https:\/\/ordo.lt\/index.php\/hidrauliniu-zarnu-gamyba\/"]}]},{"@type":"ImageObject","inLanguage":"lt-LT","@id":"https:\/\/ordo.lt\/index.php\/hidrauliniu-zarnu-gamyba\/#primaryimage","url":"https:\/\/ordo.lt\/wp-content\/uploads\/2019\/12\/p4t-1.jpg","contentUrl":"https:\/\/ordo.lt\/wp-content\/uploads\/2019\/12\/p4t-1.jpg","width":1920,"height":450},{"@type":"BreadcrumbList","@id":"https:\/\/ordo.lt\/index.php\/hidrauliniu-zarnu-gamyba\/#breadcrumb","itemListElement":[{"@type":"ListItem","position":1,"name":"Home","item":"https:\/\/ordo.lt\/"},{"@type":"ListItem","position":2,"name":"Hidraulini\u0173 \u017earn\u0173 gamyba"}]},{"@type":"WebSite","@id":"https:\/\/ordo.lt\/#website","url":"https:\/\/ordo.lt\/","name":"UAB Ordo","description":"","publisher":{"@id":"https:\/\/ordo.lt\/#organization"},"potentialAction":[{"@type":"SearchAction","target":{"@type":"EntryPoint","urlTemplate":"https:\/\/ordo.lt\/?s={search_term_string}"},"query-input":{"@type":"PropertyValueSpecification","valueRequired":true,"valueName":"search_term_string"}}],"inLanguage":"lt-LT"},{"@type":"Organization","@id":"https:\/\/ordo.lt\/#organization","name":"UAB Ordo","url":"https:\/\/ordo.lt\/","logo":{"@type":"ImageObject","inLanguage":"lt-LT","@id":"https:\/\/ordo.lt\/#\/schema\/logo\/image\/","url":"https:\/\/ordo.lt\/wp-content\/uploads\/2019\/09\/ordo-logo-small.png","contentUrl":"https:\/\/ordo.lt\/wp-content\/uploads\/2019\/09\/ordo-logo-small.png","width":200,"height":104,"caption":"UAB Ordo"},"image":{"@id":"https:\/\/ordo.lt\/#\/schema\/logo\/image\/"}}]}},"_links":{"self":[{"href":"https:\/\/ordo.lt\/index.php\/wp-json\/wp\/v2\/pages\/1011","targetHints":{"allow":["GET"]}}],"collection":[{"href":"https:\/\/ordo.lt\/index.php\/wp-json\/wp\/v2\/pages"}],"about":[{"href":"https:\/\/ordo.lt\/index.php\/wp-json\/wp\/v2\/types\/page"}],"author":[{"embeddable":true,"href":"https:\/\/ordo.lt\/index.php\/wp-json\/wp\/v2\/users\/1"}],"replies":[{"embeddable":true,"href":"https:\/\/ordo.lt\/index.php\/wp-json\/wp\/v2\/comments?post=1011"}],"version-history":[{"count":13,"href":"https:\/\/ordo.lt\/index.php\/wp-json\/wp\/v2\/pages\/1011\/revisions"}],"predecessor-version":[{"id":1216,"href":"https:\/\/ordo.lt\/index.php\/wp-json\/wp\/v2\/pages\/1011\/revisions\/1216"}],"wp:featuredmedia":[{"embeddable":true,"href":"https:\/\/ordo.lt\/index.php\/wp-json\/wp\/v2\/media\/1016"}],"wp:attachment":[{"href":"https:\/\/ordo.lt\/index.php\/wp-json\/wp\/v2\/media?parent=1011"}],"curies":[{"name":"wp","href":"https:\/\/api.w.org\/{rel}","templated":true}]}}