{"id":1276,"date":"2020-02-09T19:41:12","date_gmt":"2020-02-09T19:41:12","guid":{"rendered":"http:\/\/ordo.lt\/?page_id=1276"},"modified":"2020-02-09T20:04:37","modified_gmt":"2020-02-09T20:04:37","slug":"svytureliai-blykstes","status":"publish","type":"page","link":"https:\/\/ordo.lt\/index.php\/zibintai-ir-kita-el-iranga\/svytureliai-blykstes\/","title":{"rendered":"\u0160vytur\u0117liai, blykst\u0117s"},"content":{"rendered":"\t\t<div data-elementor-type=\"wp-page\" data-elementor-id=\"1276\" class=\"elementor elementor-1276\">\n\t\t\t\t\t\t<section class=\"elementor-section elementor-top-section elementor-element elementor-element-ed11a5c elementor-section-boxed elementor-section-height-default elementor-section-height-default\" data-id=\"ed11a5c\" data-element_type=\"section\" data-e-type=\"section\" data-settings=\"{&quot;background_background&quot;:&quot;classic&quot;}\">\n\t\t\t\t\t\t<div class=\"elementor-container elementor-column-gap-default\">\n\t\t\t\t\t<div class=\"elementor-column elementor-col-100 elementor-top-column elementor-element elementor-element-b3138fc\" data-id=\"b3138fc\" data-element_type=\"column\" data-e-type=\"column\">\n\t\t\t<div class=\"elementor-widget-wrap elementor-element-populated\">\n\t\t\t\t\t\t<div class=\"elementor-element elementor-element-c043ad3 elementor-widget elementor-widget-heading\" data-id=\"c043ad3\" data-element_type=\"widget\" data-e-type=\"widget\" data-widget_type=\"heading.default\">\n\t\t\t\t<div class=\"elementor-widget-container\">\n\t\t\t\t\t<h2 class=\"elementor-heading-title elementor-size-default\">\u0160vytur\u0117liai, blykst\u0117s<\/h2>\t\t\t\t<\/div>\n\t\t\t\t<\/div>\n\t\t\t\t\t<\/div>\n\t\t<\/div>\n\t\t\t\t\t<\/div>\n\t\t<\/section>\n\t\t\t\t<section class=\"elementor-section elementor-top-section elementor-element elementor-element-81bff0d elementor-section-boxed elementor-section-height-default elementor-section-height-default\" data-id=\"81bff0d\" data-element_type=\"section\" data-e-type=\"section\">\n\t\t\t\t\t\t<div class=\"elementor-container elementor-column-gap-default\">\n\t\t\t\t\t<div class=\"elementor-column elementor-col-50 elementor-top-column elementor-element elementor-element-416f8dd\" data-id=\"416f8dd\" data-element_type=\"column\" data-e-type=\"column\">\n\t\t\t<div class=\"elementor-widget-wrap elementor-element-populated\">\n\t\t\t\t\t\t<div class=\"elementor-element elementor-element-f834327 elementor-widget elementor-widget-text-editor\" data-id=\"f834327\" data-element_type=\"widget\" data-e-type=\"widget\" data-widget_type=\"text-editor.default\">\n\t\t\t\t<div class=\"elementor-widget-container\">\n\t\t\t\t\t\t\t\t\t<table width=\"518\"><tbody><tr><td style=\"text-align: center;\" colspan=\"2\" width=\"518\">\u0160VYTUR\u0116LIAI MECHANINIAI \u2013 LANKST\u016aS<\/td><\/tr><tr><td>Pavadinimas<\/td><td style=\"text-align: center;\">Matmenys mm PxH<\/td><\/tr><tr><td>\u0160vytur\u0117lis MEHL YL-806H-C,12\/24V<\/td><td style=\"text-align: center;\">127&#215;269<\/td><\/tr><tr><td>\u0160vytur\u0117lis MEHL YL-814H-C,12\/24V<\/td><td style=\"text-align: center;\">127&#215;240<\/td><\/tr><tr><td style=\"text-align: center;\" colspan=\"2\">\u0160VYTUR\u0116LIAI MECHANINIAI SU MAGNETU<\/td><\/tr><tr><td>Pavadinimas<\/td><td style=\"text-align: center;\">Matmenys<\/td><\/tr><tr><td>\u0160vytur\u0117lis MEHM YL-806C-C,12\/24V<\/td><td style=\"text-align: center;\">127&#215;198<\/td><\/tr><tr><td>\u0160vytur\u0117lis MEHM YL-814C-C,12\/24V<\/td><td style=\"text-align: center;\">127&#215;169<\/td><\/tr><tr><td>\u0160vytur\u0117lis 40LEDM YL-815C-B,12\/24V<\/td><td style=\"text-align: center;\">127&#215;138<\/td><\/tr><tr><td style=\"text-align: center;\" colspan=\"2\">\u0160VYTUR\u0116LIAI LED &#8211; LANKST\u016aS<\/td><\/tr><tr><td>Pavadinimas<\/td><td style=\"text-align: center;\">Matmenys<\/td><\/tr><tr><td rowspan=\"2\">\u0160vytur\u0117lis 40LEDL YL-815H-B,12\/24V<\/td><td style=\"text-align: center;\">127&#215;209<\/td><\/tr><tr><td style=\"text-align: center;\">3 blykst\u0117s<\/td><\/tr><tr><td rowspan=\"2\">\u0160vytur\u0117lis 16LEDL YL-814-8,12\/24V<\/td><td style=\"text-align: center;\">127&#215;240<\/td><\/tr><tr><td style=\"text-align: center;\">3 blykst\u0117s<\/td><\/tr><tr><td rowspan=\"2\">\u0160vytur\u0117lis 80LEDL YL-806H-B,12\/24V<\/td><td style=\"text-align: center;\">127&#215;269<\/td><\/tr><tr><td style=\"text-align: center;\">3 blykst\u0117s<\/td><\/tr><tr><td>\u0160vytur\u0117lis 48LEDL YL-813C-H,12\/24V<\/td><td style=\"text-align: center;\">178&#215;71<\/td><\/tr><tr><td>\u0160vytur\u0117lis 12LEDL YL-824H,12\/24V<\/td><td style=\"text-align: center;\">120&#215;160<\/td><\/tr><tr><td rowspan=\"2\">\u0160vytur\u0117lis 18LEDL YL-806-8,12\/24V<\/td><td style=\"text-align: center;\">127&#215;269<\/td><\/tr><tr><td style=\"text-align: center;\">3 blykst\u0117s<\/td><\/tr><tr><td style=\"text-align: center;\" colspan=\"2\">\u0160VYTUR\u0116LIAI LED SU MAGNETU<\/td><\/tr><tr><td>Pavadinimas<\/td><td style=\"text-align: center;\">Matmenys<\/td><\/tr><tr><td rowspan=\"2\">\u0160vytur\u0117lis 40LEDM YL-815C-B,12\/24V\u00a0<\/td><td style=\"text-align: center;\">127&#215;138<\/td><\/tr><tr><td style=\"text-align: center;\">3 blykst\u0117s<\/td><\/tr><tr><td rowspan=\"2\">\u0160vytur\u0117lis 16LEDM YL-814-3,12\/24V<\/td><td style=\"text-align: center;\">127&#215;169<\/td><\/tr><tr><td style=\"text-align: center;\">3 blykst\u0117s<\/td><\/tr><tr><td rowspan=\"2\">\u0160vytur\u0117lis 40LEDM YL-801B,12\/24V<\/td><td style=\"text-align: center;\">120&#215;145<\/td><\/tr><tr><td style=\"text-align: center;\">3 blykst\u0117s<\/td><\/tr><tr><td rowspan=\"2\">\u0160vytur\u0117lis 48LEDM YL-803C,12\/24V<\/td><td style=\"text-align: center;\">150&#215;75<\/td><\/tr><tr><td style=\"text-align: center;\">8 blykst\u0117s<\/td><\/tr><tr><td rowspan=\"2\">\u0160vytur\u0117lis 32LEDM YL-804A,12\/24V<\/td><td style=\"text-align: center;\">130&#215;95<\/td><\/tr><tr><td style=\"text-align: center;\">3 blykst\u0117s<\/td><\/tr><tr><td>\u0160vytur\u0117lis 48LEDM YL-813C,12\/24V<\/td><td style=\"text-align: center;\">178&#215;71<\/td><\/tr><tr><td rowspan=\"2\">\u0160vytur\u0117lis 18LEDM YL-806-3,12\/24V<\/td><td style=\"text-align: center;\">127&#215;198<\/td><\/tr><tr><td style=\"text-align: center;\">3 blykst\u0117s<\/td><\/tr><tr><td rowspan=\"2\">\u0160vytur\u0117lis 30LEDM YL-826,12\/24V<\/td><td style=\"text-align: center;\">122&#215;112<\/td><\/tr><tr><td style=\"text-align: center;\">1 blykst\u0117s<\/td><\/tr><tr><td style=\"text-align: center;\" colspan=\"2\">\u0160VYTUR\u0116LIAI LED SU VAR\u017dTELIAIS<\/td><\/tr><tr><td>Pavadinimas<\/td><td style=\"text-align: center;\">Matmenys<\/td><\/tr><tr><td>\u0160vytur\u0117lis 12LEDV YL-824D-X,12\/24V<\/td><td style=\"text-align: center;\">140&#215;71<\/td><\/tr><tr><td>Pavadinimas<\/td><td style=\"text-align: center;\">Duomenys<\/td><\/tr><tr><td>\u017dibintas signalinis LED 12\/24V, 4W sta\u010diakampis<\/td><td style=\"text-align: center;\">4x1W<\/td><\/tr><tr><td>\u017dibintas signalinis LED 8W su valdikliu<\/td><td style=\"text-align: center;\">2vnt-4x1W<\/td><\/tr><tr><td>\u017dibintas signalinis LED 12\/24V,18W TR-BD2-6<\/td><td style=\"text-align: center;\">(L-110&#215;40 mm)<\/td><\/tr><tr><td style=\"text-align: center;\" colspan=\"2\">\u0160VYTUR\u0116LI\u0172 LAIKIKLIAI<\/td><\/tr><tr><td>Pavadinimas<\/td><td style=\"text-align: center;\">Matmenys<\/td><\/tr><tr><td>Laikiklis \u0161vytur\u0117lio YL-A002 T forma<\/td><td style=\"text-align: center;\">*<\/td><\/tr><tr><td>Laikiklis \u0161vytur\u0117lio YL-A001 su ver\u017ele I forma<\/td><td style=\"text-align: center;\">*<\/td><\/tr><tr><td>Laikiklis \u0161vytur\u0117lio YL-004 U forma<\/td><td style=\"text-align: center;\">*<\/td><\/tr><tr><td>Laikiklis \u0161vytur\u0117lio YL-003 L forma<\/td><td style=\"text-align: center;\">*<\/td><\/tr><\/tbody><\/table>\t\t\t\t\t\t\t\t<\/div>\n\t\t\t\t<\/div>\n\t\t\t\t\t<\/div>\n\t\t<\/div>\n\t\t\t\t<div class=\"elementor-column elementor-col-50 elementor-top-column elementor-element elementor-element-555ed1d\" data-id=\"555ed1d\" data-element_type=\"column\" data-e-type=\"column\">\n\t\t\t<div class=\"elementor-widget-wrap\">\n\t\t\t\t\t\t\t<\/div>\n\t\t<\/div>\n\t\t\t\t\t<\/div>\n\t\t<\/section>\n\t\t\t\t<\/div>\n\t\t","protected":false},"excerpt":{"rendered":"<p>\u0160vytur\u0117liai, blykst\u0117s \u0160VYTUR\u0116LIAI MECHANINIAI \u2013 LANKST\u016aS Pavadinimas Matmenys mm PxH \u0160vytur\u0117lis MEHL YL-806H-C,12\/24V 127&#215;269 \u0160vytur\u0117lis MEHL YL-814H-C,12\/24V 127&#215;240 \u0160VYTUR\u0116LIAI MECHANINIAI SU MAGNETU Pavadinimas Matmenys \u0160vytur\u0117lis MEHM YL-806C-C,12\/24V 127&#215;198 \u0160vytur\u0117lis MEHM YL-814C-C,12\/24V 127&#215;169 \u0160vytur\u0117lis 40LEDM YL-815C-B,12\/24V 127&#215;138 \u0160VYTUR\u0116LIAI LED &#8211; LANKST\u016aS Pavadinimas Matmenys \u0160vytur\u0117lis 40LEDL YL-815H-B,12\/24V 127&#215;209 3 blykst\u0117s \u0160vytur\u0117lis 16LEDL YL-814-8,12\/24V 127&#215;240 3 blykst\u0117s \u0160vytur\u0117lis &#8230; <a title=\"\u0160vytur\u0117liai, blykst\u0117s\" class=\"read-more\" href=\"https:\/\/ordo.lt\/index.php\/zibintai-ir-kita-el-iranga\/svytureliai-blykstes\/\" aria-label=\"Read more about \u0160vytur\u0117liai, blykst\u0117s\">Read more<\/a><\/p>\n","protected":false},"author":1,"featured_media":990,"parent":988,"menu_order":0,"comment_status":"closed","ping_status":"closed","template":"","meta":{"footnotes":""},"class_list":["post-1276","page","type-page","status-publish","has-post-thumbnail"],"yoast_head":"<!-- This site is optimized with the Yoast SEO Premium plugin v27.1 (Yoast SEO v27.1.1) - https:\/\/yoast.com\/product\/yoast-seo-premium-wordpress\/ -->\n<title>\u0160vytur\u0117liai, blykst\u0117s - UAB Ordo<\/title>\n<meta name=\"robots\" content=\"index, follow, max-snippet:-1, max-image-preview:large, max-video-preview:-1\" \/>\n<link rel=\"canonical\" href=\"https:\/\/ordo.lt\/index.php\/zibintai-ir-kita-el-iranga\/svytureliai-blykstes\/\" \/>\n<meta property=\"og:locale\" content=\"lt_LT\" \/>\n<meta property=\"og:type\" content=\"article\" \/>\n<meta property=\"og:title\" content=\"\u0160vytur\u0117liai, blykst\u0117s\" \/>\n<meta property=\"og:description\" content=\"\u0160vytur\u0117liai, blykst\u0117s \u0160VYTUR\u0116LIAI MECHANINIAI \u2013 LANKST\u016aS Pavadinimas Matmenys mm PxH \u0160vytur\u0117lis MEHL YL-806H-C,12\/24V 127&#215;269 \u0160vytur\u0117lis MEHL YL-814H-C,12\/24V 127&#215;240 \u0160VYTUR\u0116LIAI MECHANINIAI SU MAGNETU Pavadinimas Matmenys \u0160vytur\u0117lis MEHM YL-806C-C,12\/24V 127&#215;198 \u0160vytur\u0117lis MEHM YL-814C-C,12\/24V 127&#215;169 \u0160vytur\u0117lis 40LEDM YL-815C-B,12\/24V 127&#215;138 \u0160VYTUR\u0116LIAI LED &#8211; LANKST\u016aS Pavadinimas Matmenys \u0160vytur\u0117lis 40LEDL YL-815H-B,12\/24V 127&#215;209 3 blykst\u0117s \u0160vytur\u0117lis 16LEDL YL-814-8,12\/24V 127&#215;240 3 blykst\u0117s \u0160vytur\u0117lis ... Read more\" \/>\n<meta property=\"og:url\" content=\"https:\/\/ordo.lt\/index.php\/zibintai-ir-kita-el-iranga\/svytureliai-blykstes\/\" \/>\n<meta property=\"og:site_name\" content=\"UAB Ordo\" \/>\n<meta property=\"article:modified_time\" content=\"2020-02-09T20:04:37+00:00\" \/>\n<meta property=\"og:image\" content=\"https:\/\/ordo.lt\/wp-content\/uploads\/2019\/12\/z200-1.jpg\" \/>\n\t<meta property=\"og:image:width\" content=\"1920\" \/>\n\t<meta property=\"og:image:height\" content=\"450\" \/>\n\t<meta property=\"og:image:type\" content=\"image\/jpeg\" \/>\n<meta name=\"twitter:card\" content=\"summary_large_image\" \/>\n<meta name=\"twitter:label1\" content=\"Est. reading time\" \/>\n\t<meta name=\"twitter:data1\" content=\"1 minut\u0117\" \/>\n<script type=\"application\/ld+json\" class=\"yoast-schema-graph\">{\"@context\":\"https:\/\/schema.org\",\"@graph\":[{\"@type\":\"WebPage\",\"@id\":\"https:\/\/ordo.lt\/index.php\/zibintai-ir-kita-el-iranga\/svytureliai-blykstes\/\",\"url\":\"https:\/\/ordo.lt\/index.php\/zibintai-ir-kita-el-iranga\/svytureliai-blykstes\/\",\"name\":\"\u0160vytur\u0117liai, blykst\u0117s - UAB Ordo\",\"isPartOf\":{\"@id\":\"https:\/\/ordo.lt\/#website\"},\"primaryImageOfPage\":{\"@id\":\"https:\/\/ordo.lt\/index.php\/zibintai-ir-kita-el-iranga\/svytureliai-blykstes\/#primaryimage\"},\"image\":{\"@id\":\"https:\/\/ordo.lt\/index.php\/zibintai-ir-kita-el-iranga\/svytureliai-blykstes\/#primaryimage\"},\"thumbnailUrl\":\"https:\/\/ordo.lt\/wp-content\/uploads\/2019\/12\/z200-1.jpg\",\"datePublished\":\"2020-02-09T19:41:12+00:00\",\"dateModified\":\"2020-02-09T20:04:37+00:00\",\"breadcrumb\":{\"@id\":\"https:\/\/ordo.lt\/index.php\/zibintai-ir-kita-el-iranga\/svytureliai-blykstes\/#breadcrumb\"},\"inLanguage\":\"lt-LT\",\"potentialAction\":[{\"@type\":\"ReadAction\",\"target\":[\"https:\/\/ordo.lt\/index.php\/zibintai-ir-kita-el-iranga\/svytureliai-blykstes\/\"]}]},{\"@type\":\"ImageObject\",\"inLanguage\":\"lt-LT\",\"@id\":\"https:\/\/ordo.lt\/index.php\/zibintai-ir-kita-el-iranga\/svytureliai-blykstes\/#primaryimage\",\"url\":\"https:\/\/ordo.lt\/wp-content\/uploads\/2019\/12\/z200-1.jpg\",\"contentUrl\":\"https:\/\/ordo.lt\/wp-content\/uploads\/2019\/12\/z200-1.jpg\",\"width\":1920,\"height\":450},{\"@type\":\"BreadcrumbList\",\"@id\":\"https:\/\/ordo.lt\/index.php\/zibintai-ir-kita-el-iranga\/svytureliai-blykstes\/#breadcrumb\",\"itemListElement\":[{\"@type\":\"ListItem\",\"position\":1,\"name\":\"Home\",\"item\":\"https:\/\/ordo.lt\/\"},{\"@type\":\"ListItem\",\"position\":2,\"name\":\"\u017dibintai ir kita el. \u012franga\",\"item\":\"https:\/\/ordo.lt\/index.php\/zibintai-ir-kita-el-iranga\/\"},{\"@type\":\"ListItem\",\"position\":3,\"name\":\"\u0160vytur\u0117liai, blykst\u0117s\"}]},{\"@type\":\"WebSite\",\"@id\":\"https:\/\/ordo.lt\/#website\",\"url\":\"https:\/\/ordo.lt\/\",\"name\":\"UAB Ordo\",\"description\":\"\",\"publisher\":{\"@id\":\"https:\/\/ordo.lt\/#organization\"},\"potentialAction\":[{\"@type\":\"SearchAction\",\"target\":{\"@type\":\"EntryPoint\",\"urlTemplate\":\"https:\/\/ordo.lt\/?s={search_term_string}\"},\"query-input\":{\"@type\":\"PropertyValueSpecification\",\"valueRequired\":true,\"valueName\":\"search_term_string\"}}],\"inLanguage\":\"lt-LT\"},{\"@type\":\"Organization\",\"@id\":\"https:\/\/ordo.lt\/#organization\",\"name\":\"UAB Ordo\",\"url\":\"https:\/\/ordo.lt\/\",\"logo\":{\"@type\":\"ImageObject\",\"inLanguage\":\"lt-LT\",\"@id\":\"https:\/\/ordo.lt\/#\/schema\/logo\/image\/\",\"url\":\"https:\/\/ordo.lt\/wp-content\/uploads\/2019\/09\/ordo-logo-small.png\",\"contentUrl\":\"https:\/\/ordo.lt\/wp-content\/uploads\/2019\/09\/ordo-logo-small.png\",\"width\":200,\"height\":104,\"caption\":\"UAB Ordo\"},\"image\":{\"@id\":\"https:\/\/ordo.lt\/#\/schema\/logo\/image\/\"}}]}<\/script>\n<!-- \/ Yoast SEO Premium plugin. -->","yoast_head_json":{"title":"\u0160vytur\u0117liai, blykst\u0117s - UAB Ordo","robots":{"index":"index","follow":"follow","max-snippet":"max-snippet:-1","max-image-preview":"max-image-preview:large","max-video-preview":"max-video-preview:-1"},"canonical":"https:\/\/ordo.lt\/index.php\/zibintai-ir-kita-el-iranga\/svytureliai-blykstes\/","og_locale":"lt_LT","og_type":"article","og_title":"\u0160vytur\u0117liai, blykst\u0117s","og_description":"\u0160vytur\u0117liai, blykst\u0117s \u0160VYTUR\u0116LIAI MECHANINIAI \u2013 LANKST\u016aS Pavadinimas Matmenys mm PxH \u0160vytur\u0117lis MEHL YL-806H-C,12\/24V 127&#215;269 \u0160vytur\u0117lis MEHL YL-814H-C,12\/24V 127&#215;240 \u0160VYTUR\u0116LIAI MECHANINIAI SU MAGNETU Pavadinimas Matmenys \u0160vytur\u0117lis MEHM YL-806C-C,12\/24V 127&#215;198 \u0160vytur\u0117lis MEHM YL-814C-C,12\/24V 127&#215;169 \u0160vytur\u0117lis 40LEDM YL-815C-B,12\/24V 127&#215;138 \u0160VYTUR\u0116LIAI LED &#8211; LANKST\u016aS Pavadinimas Matmenys \u0160vytur\u0117lis 40LEDL YL-815H-B,12\/24V 127&#215;209 3 blykst\u0117s \u0160vytur\u0117lis 16LEDL YL-814-8,12\/24V 127&#215;240 3 blykst\u0117s \u0160vytur\u0117lis ... Read more","og_url":"https:\/\/ordo.lt\/index.php\/zibintai-ir-kita-el-iranga\/svytureliai-blykstes\/","og_site_name":"UAB Ordo","article_modified_time":"2020-02-09T20:04:37+00:00","og_image":[{"width":1920,"height":450,"url":"https:\/\/ordo.lt\/wp-content\/uploads\/2019\/12\/z200-1.jpg","type":"image\/jpeg"}],"twitter_card":"summary_large_image","twitter_misc":{"Est. reading time":"1 minut\u0117"},"schema":{"@context":"https:\/\/schema.org","@graph":[{"@type":"WebPage","@id":"https:\/\/ordo.lt\/index.php\/zibintai-ir-kita-el-iranga\/svytureliai-blykstes\/","url":"https:\/\/ordo.lt\/index.php\/zibintai-ir-kita-el-iranga\/svytureliai-blykstes\/","name":"\u0160vytur\u0117liai, blykst\u0117s - UAB Ordo","isPartOf":{"@id":"https:\/\/ordo.lt\/#website"},"primaryImageOfPage":{"@id":"https:\/\/ordo.lt\/index.php\/zibintai-ir-kita-el-iranga\/svytureliai-blykstes\/#primaryimage"},"image":{"@id":"https:\/\/ordo.lt\/index.php\/zibintai-ir-kita-el-iranga\/svytureliai-blykstes\/#primaryimage"},"thumbnailUrl":"https:\/\/ordo.lt\/wp-content\/uploads\/2019\/12\/z200-1.jpg","datePublished":"2020-02-09T19:41:12+00:00","dateModified":"2020-02-09T20:04:37+00:00","breadcrumb":{"@id":"https:\/\/ordo.lt\/index.php\/zibintai-ir-kita-el-iranga\/svytureliai-blykstes\/#breadcrumb"},"inLanguage":"lt-LT","potentialAction":[{"@type":"ReadAction","target":["https:\/\/ordo.lt\/index.php\/zibintai-ir-kita-el-iranga\/svytureliai-blykstes\/"]}]},{"@type":"ImageObject","inLanguage":"lt-LT","@id":"https:\/\/ordo.lt\/index.php\/zibintai-ir-kita-el-iranga\/svytureliai-blykstes\/#primaryimage","url":"https:\/\/ordo.lt\/wp-content\/uploads\/2019\/12\/z200-1.jpg","contentUrl":"https:\/\/ordo.lt\/wp-content\/uploads\/2019\/12\/z200-1.jpg","width":1920,"height":450},{"@type":"BreadcrumbList","@id":"https:\/\/ordo.lt\/index.php\/zibintai-ir-kita-el-iranga\/svytureliai-blykstes\/#breadcrumb","itemListElement":[{"@type":"ListItem","position":1,"name":"Home","item":"https:\/\/ordo.lt\/"},{"@type":"ListItem","position":2,"name":"\u017dibintai ir kita el. \u012franga","item":"https:\/\/ordo.lt\/index.php\/zibintai-ir-kita-el-iranga\/"},{"@type":"ListItem","position":3,"name":"\u0160vytur\u0117liai, blykst\u0117s"}]},{"@type":"WebSite","@id":"https:\/\/ordo.lt\/#website","url":"https:\/\/ordo.lt\/","name":"UAB Ordo","description":"","publisher":{"@id":"https:\/\/ordo.lt\/#organization"},"potentialAction":[{"@type":"SearchAction","target":{"@type":"EntryPoint","urlTemplate":"https:\/\/ordo.lt\/?s={search_term_string}"},"query-input":{"@type":"PropertyValueSpecification","valueRequired":true,"valueName":"search_term_string"}}],"inLanguage":"lt-LT"},{"@type":"Organization","@id":"https:\/\/ordo.lt\/#organization","name":"UAB Ordo","url":"https:\/\/ordo.lt\/","logo":{"@type":"ImageObject","inLanguage":"lt-LT","@id":"https:\/\/ordo.lt\/#\/schema\/logo\/image\/","url":"https:\/\/ordo.lt\/wp-content\/uploads\/2019\/09\/ordo-logo-small.png","contentUrl":"https:\/\/ordo.lt\/wp-content\/uploads\/2019\/09\/ordo-logo-small.png","width":200,"height":104,"caption":"UAB Ordo"},"image":{"@id":"https:\/\/ordo.lt\/#\/schema\/logo\/image\/"}}]}},"_links":{"self":[{"href":"https:\/\/ordo.lt\/index.php\/wp-json\/wp\/v2\/pages\/1276","targetHints":{"allow":["GET"]}}],"collection":[{"href":"https:\/\/ordo.lt\/index.php\/wp-json\/wp\/v2\/pages"}],"about":[{"href":"https:\/\/ordo.lt\/index.php\/wp-json\/wp\/v2\/types\/page"}],"author":[{"embeddable":true,"href":"https:\/\/ordo.lt\/index.php\/wp-json\/wp\/v2\/users\/1"}],"replies":[{"embeddable":true,"href":"https:\/\/ordo.lt\/index.php\/wp-json\/wp\/v2\/comments?post=1276"}],"version-history":[{"count":4,"href":"https:\/\/ordo.lt\/index.php\/wp-json\/wp\/v2\/pages\/1276\/revisions"}],"predecessor-version":[{"id":1290,"href":"https:\/\/ordo.lt\/index.php\/wp-json\/wp\/v2\/pages\/1276\/revisions\/1290"}],"up":[{"embeddable":true,"href":"https:\/\/ordo.lt\/index.php\/wp-json\/wp\/v2\/pages\/988"}],"wp:featuredmedia":[{"embeddable":true,"href":"https:\/\/ordo.lt\/index.php\/wp-json\/wp\/v2\/media\/990"}],"wp:attachment":[{"href":"https:\/\/ordo.lt\/index.php\/wp-json\/wp\/v2\/media?parent=1276"}],"curies":[{"name":"wp","href":"https:\/\/api.w.org\/{rel}","templated":true}]}}