{"id":1740,"date":"2023-01-27T12:04:23","date_gmt":"2023-01-27T12:04:23","guid":{"rendered":"https:\/\/ordo.lt\/?page_id=1740"},"modified":"2023-02-01T07:29:52","modified_gmt":"2023-02-01T07:29:52","slug":"komunaline-technika-2","status":"publish","type":"page","link":"https:\/\/ordo.lt\/index.php\/prekyba\/padargai-technika\/komunaline-technika-2\/","title":{"rendered":"Komunalin\u0117 technika"},"content":{"rendered":"\t\t<div data-elementor-type=\"wp-page\" data-elementor-id=\"1740\" class=\"elementor elementor-1740\">\n\t\t\t\t\t\t<section class=\"elementor-section elementor-top-section elementor-element elementor-element-1c0a902 elementor-section-boxed elementor-section-height-default elementor-section-height-default\" data-id=\"1c0a902\" data-element_type=\"section\" data-e-type=\"section\" data-settings=\"{&quot;background_background&quot;:&quot;classic&quot;}\">\n\t\t\t\t\t\t<div class=\"elementor-container elementor-column-gap-default\">\n\t\t\t\t\t<div class=\"elementor-column elementor-col-100 elementor-top-column elementor-element elementor-element-d7936ae\" data-id=\"d7936ae\" data-element_type=\"column\" data-e-type=\"column\">\n\t\t\t<div class=\"elementor-widget-wrap elementor-element-populated\">\n\t\t\t\t\t\t<div class=\"elementor-element elementor-element-f432907 elementor-widget elementor-widget-heading\" data-id=\"f432907\" data-element_type=\"widget\" data-e-type=\"widget\" data-widget_type=\"heading.default\">\n\t\t\t\t<div class=\"elementor-widget-container\">\n\t\t\t\t\t<h2 class=\"elementor-heading-title elementor-size-default\">Komunalin\u0117 technika<\/h2>\t\t\t\t<\/div>\n\t\t\t\t<\/div>\n\t\t\t\t\t<\/div>\n\t\t<\/div>\n\t\t\t\t\t<\/div>\n\t\t<\/section>\n\t\t\t\t<section class=\"elementor-section elementor-top-section elementor-element elementor-element-4d1beb4 elementor-section-content-middle elementor-section-boxed elementor-section-height-default elementor-section-height-default\" data-id=\"4d1beb4\" data-element_type=\"section\" data-e-type=\"section\">\n\t\t\t\t\t\t<div class=\"elementor-container elementor-column-gap-default\">\n\t\t\t\t\t<div class=\"elementor-column elementor-col-25 elementor-top-column elementor-element elementor-element-4295982\" data-id=\"4295982\" data-element_type=\"column\" data-e-type=\"column\">\n\t\t\t<div class=\"elementor-widget-wrap elementor-element-populated\">\n\t\t\t\t\t\t<div class=\"elementor-element elementor-element-aa05fe1 elementor-widget elementor-widget-image\" data-id=\"aa05fe1\" data-element_type=\"widget\" data-e-type=\"widget\" data-widget_type=\"image.default\">\n\t\t\t\t<div class=\"elementor-widget-container\">\n\t\t\t\t\t\t\t\t\t\t\t\t<figure class=\"wp-caption\">\n\t\t\t\t\t\t\t\t\t\t\t<a href=\"https:\/\/ordo.lt\/index.php\/prekyba\/padargai-technika\/komunaline-technika-2\/sniego-valytuvai\/\">\n\t\t\t\t\t\t\t<img decoding=\"async\" src=\"https:\/\/ordo.lt\/wp-content\/uploads\/elementor\/thumbs\/IMG_2656b-kopia-kopia-1-1-oyt1kmau1sfoqnxzp8wjimg7uxcecqv7aorkdjptxs.png\" title=\"IMG_2656b-kopia-kopia-1\" alt=\"IMG_2656b-kopia-kopia-1\" class=\"elementor-animation-grow\" loading=\"lazy\" \/>\t\t\t\t\t\t\t\t<\/a>\n\t\t\t\t\t\t\t\t\t\t\t<figcaption class=\"widget-image-caption wp-caption-text\">Sniego valytuvai<\/figcaption>\n\t\t\t\t\t\t\t\t\t\t<\/figure>\n\t\t\t\t\t\t\t\t\t<\/div>\n\t\t\t\t<\/div>\n\t\t\t\t\t<\/div>\n\t\t<\/div>\n\t\t\t\t<div class=\"elementor-column elementor-col-25 elementor-top-column elementor-element elementor-element-6b20c04\" data-id=\"6b20c04\" data-element_type=\"column\" data-e-type=\"column\">\n\t\t\t<div class=\"elementor-widget-wrap elementor-element-populated\">\n\t\t\t\t\t\t<div class=\"elementor-element elementor-element-18b19b4 elementor-widget elementor-widget-image\" data-id=\"18b19b4\" data-element_type=\"widget\" data-e-type=\"widget\" data-widget_type=\"image.default\">\n\t\t\t\t<div class=\"elementor-widget-container\">\n\t\t\t\t\t\t\t\t\t\t\t\t<figure class=\"wp-caption\">\n\t\t\t\t\t\t\t\t\t\t\t<a href=\"https:\/\/ordo.lt\/index.php\/prekyba\/padargai-technika\/komunaline-technika-2\/slavimo-iranga\/\">\n\t\t\t\t\t\t\t<img decoding=\"async\" src=\"https:\/\/ordo.lt\/wp-content\/uploads\/elementor\/thumbs\/Mechanin\u0117-\u0161luota-ZE180-pbvp9a51p0r1ja6tjhshp1rgazsom79wcl9jbkw7wg.jpg\" title=\"Mechanin\u0117 \u0161luota ZE180\" alt=\"Mechanin\u0117 \u0161luota ZE180\" class=\"elementor-animation-grow\" loading=\"lazy\" \/>\t\t\t\t\t\t\t\t<\/a>\n\t\t\t\t\t\t\t\t\t\t\t<figcaption class=\"widget-image-caption wp-caption-text\">\u0160lavimo \u012franga<\/figcaption>\n\t\t\t\t\t\t\t\t\t\t<\/figure>\n\t\t\t\t\t\t\t\t\t<\/div>\n\t\t\t\t<\/div>\n\t\t\t\t\t<\/div>\n\t\t<\/div>\n\t\t\t\t<div class=\"elementor-column elementor-col-25 elementor-top-column elementor-element elementor-element-89bb828\" data-id=\"89bb828\" data-element_type=\"column\" data-e-type=\"column\">\n\t\t\t<div class=\"elementor-widget-wrap elementor-element-populated\">\n\t\t\t\t\t\t<div class=\"elementor-element elementor-element-b98da7d elementor-widget elementor-widget-image\" data-id=\"b98da7d\" data-element_type=\"widget\" data-e-type=\"widget\" data-widget_type=\"image.default\">\n\t\t\t\t<div class=\"elementor-widget-container\">\n\t\t\t\t\t\t\t\t\t\t\t\t<figure class=\"wp-caption\">\n\t\t\t\t\t\t\t\t\t\t\t<a href=\"https:\/\/ordo.lt\/index.php\/prekyba\/padargai-technika\/komunaline-technika-2\/smelio-druskos-barstytuvai\/\">\n\t\t\t\t\t\t\t<img decoding=\"async\" src=\"https:\/\/ordo.lt\/wp-content\/uploads\/elementor\/thumbs\/Smelio-druskos-barstytuvai-q1ibl4ar3xl9im7yv8rjfbln6smn1a9m0i4ybd3q4g.png\" title=\"Sm\u0117lio druskos barstytuvai\" alt=\"Sm\u0117lio druskos barstytuvai\" class=\"elementor-animation-grow\" loading=\"lazy\" \/>\t\t\t\t\t\t\t\t<\/a>\n\t\t\t\t\t\t\t\t\t\t\t<figcaption class=\"widget-image-caption wp-caption-text\">Sm\u0117lio druskos barstytuvai<\/figcaption>\n\t\t\t\t\t\t\t\t\t\t<\/figure>\n\t\t\t\t\t\t\t\t\t<\/div>\n\t\t\t\t<\/div>\n\t\t\t\t\t<\/div>\n\t\t<\/div>\n\t\t\t\t<div class=\"elementor-column elementor-col-25 elementor-top-column elementor-element elementor-element-3a2d5cb\" data-id=\"3a2d5cb\" data-element_type=\"column\" data-e-type=\"column\">\n\t\t\t<div class=\"elementor-widget-wrap elementor-element-populated\">\n\t\t\t\t\t\t<div class=\"elementor-element elementor-element-d70721b elementor-widget elementor-widget-image\" data-id=\"d70721b\" data-element_type=\"widget\" data-e-type=\"widget\" data-widget_type=\"image.default\">\n\t\t\t\t<div class=\"elementor-widget-container\">\n\t\t\t\t\t\t\t\t\t\t\t\t<figure class=\"wp-caption\">\n\t\t\t\t\t\t\t\t\t\t\t<a href=\"https:\/\/ordo.lt\/index.php\/prekyba\/padargai-technika\/komunaline-technika-2\/pakeliu-tvarkymo-technika\/\">\n\t\t\t\t\t\t\t<img decoding=\"async\" src=\"https:\/\/ordo.lt\/wp-content\/uploads\/elementor\/thumbs\/01-okmnuenxzz7kkenuhqdrqowv4f0z2pprpu7f9c70u8.jpg\" title=\"01\" alt=\"01\" class=\"elementor-animation-grow\" loading=\"lazy\" \/>\t\t\t\t\t\t\t\t<\/a>\n\t\t\t\t\t\t\t\t\t\t\t<figcaption class=\"widget-image-caption wp-caption-text\">Pakeli\u0173 tvarkymo technika<\/figcaption>\n\t\t\t\t\t\t\t\t\t\t<\/figure>\n\t\t\t\t\t\t\t\t\t<\/div>\n\t\t\t\t<\/div>\n\t\t\t\t\t<\/div>\n\t\t<\/div>\n\t\t\t\t\t<\/div>\n\t\t<\/section>\n\t\t\t\t<section class=\"elementor-section elementor-top-section elementor-element elementor-element-6aa39b2 elementor-section-boxed elementor-section-height-default elementor-section-height-default\" data-id=\"6aa39b2\" data-element_type=\"section\" data-e-type=\"section\">\n\t\t\t\t\t\t<div class=\"elementor-container elementor-column-gap-default\">\n\t\t\t\t\t<div class=\"elementor-column elementor-col-25 elementor-top-column elementor-element elementor-element-99b5611\" data-id=\"99b5611\" data-element_type=\"column\" data-e-type=\"column\">\n\t\t\t<div class=\"elementor-widget-wrap elementor-element-populated\">\n\t\t\t\t\t\t<div class=\"elementor-element elementor-element-2743517 elementor-widget elementor-widget-image\" data-id=\"2743517\" data-element_type=\"widget\" data-e-type=\"widget\" data-widget_type=\"image.default\">\n\t\t\t\t<div class=\"elementor-widget-container\">\n\t\t\t\t\t\t\t\t\t\t\t\t<figure class=\"wp-caption\">\n\t\t\t\t\t\t\t\t\t\t\t<a href=\"https:\/\/ordo.lt\/index.php\/prekyba\/padargai-technika\/komunaline-technika-2\/parku-prieziuros-technika\/\">\n\t\t\t\t\t\t\t<img decoding=\"async\" src=\"https:\/\/ordo.lt\/wp-content\/uploads\/elementor\/thumbs\/Lapu-rinktuvai-1-q1idieyey8g9fpkc873e8u2zrf2shzd87hjlzqcveo.jpg\" title=\"Lap\u0173 rinktuvai 1\" alt=\"Lap\u0173 rinktuvai 1\" class=\"elementor-animation-grow\" loading=\"lazy\" \/>\t\t\t\t\t\t\t\t<\/a>\n\t\t\t\t\t\t\t\t\t\t\t<figcaption class=\"widget-image-caption wp-caption-text\">Park\u0173 prie\u017ei\u016bros technika<\/figcaption>\n\t\t\t\t\t\t\t\t\t\t<\/figure>\n\t\t\t\t\t\t\t\t\t<\/div>\n\t\t\t\t<\/div>\n\t\t\t\t\t<\/div>\n\t\t<\/div>\n\t\t\t\t<div class=\"elementor-column elementor-col-25 elementor-top-column elementor-element elementor-element-0563303\" data-id=\"0563303\" data-element_type=\"column\" data-e-type=\"column\">\n\t\t\t<div class=\"elementor-widget-wrap\">\n\t\t\t\t\t\t\t<\/div>\n\t\t<\/div>\n\t\t\t\t<div class=\"elementor-column elementor-col-25 elementor-top-column elementor-element elementor-element-8619bc7\" data-id=\"8619bc7\" data-element_type=\"column\" data-e-type=\"column\">\n\t\t\t<div class=\"elementor-widget-wrap\">\n\t\t\t\t\t\t\t<\/div>\n\t\t<\/div>\n\t\t\t\t<div class=\"elementor-column elementor-col-25 elementor-top-column elementor-element elementor-element-7e4831f\" data-id=\"7e4831f\" data-element_type=\"column\" data-e-type=\"column\">\n\t\t\t<div class=\"elementor-widget-wrap\">\n\t\t\t\t\t\t\t<\/div>\n\t\t<\/div>\n\t\t\t\t\t<\/div>\n\t\t<\/section>\n\t\t\t\t<\/div>\n\t\t","protected":false},"excerpt":{"rendered":"<p>Komunalin\u0117 technika Sniego valytuvai \u0160lavimo \u012franga Sm\u0117lio druskos barstytuvai Pakeli\u0173 tvarkymo technika Park\u0173 prie\u017ei\u016bros technika<\/p>\n","protected":false},"author":1,"featured_media":1089,"parent":1046,"menu_order":0,"comment_status":"closed","ping_status":"closed","template":"","meta":{"footnotes":""},"class_list":["post-1740","page","type-page","status-publish","has-post-thumbnail"],"yoast_head":"<!-- This site is optimized with the Yoast SEO Premium plugin v27.1 (Yoast SEO v27.1.1) - https:\/\/yoast.com\/product\/yoast-seo-premium-wordpress\/ -->\n<title>Komunalin\u0117 technika - UAB Ordo<\/title>\n<meta name=\"robots\" content=\"index, follow, max-snippet:-1, max-image-preview:large, max-video-preview:-1\" \/>\n<link rel=\"canonical\" href=\"https:\/\/ordo.lt\/index.php\/prekyba\/padargai-technika\/komunaline-technika-2\/\" \/>\n<meta property=\"og:locale\" content=\"lt_LT\" \/>\n<meta property=\"og:type\" content=\"article\" \/>\n<meta property=\"og:title\" content=\"Komunalin\u0117 technika\" \/>\n<meta property=\"og:description\" content=\"Komunalin\u0117 technika Sniego valytuvai \u0160lavimo \u012franga Sm\u0117lio druskos barstytuvai Pakeli\u0173 tvarkymo technika Park\u0173 prie\u017ei\u016bros technika\" \/>\n<meta property=\"og:url\" content=\"https:\/\/ordo.lt\/index.php\/prekyba\/padargai-technika\/komunaline-technika-2\/\" \/>\n<meta property=\"og:site_name\" content=\"UAB Ordo\" \/>\n<meta property=\"article:modified_time\" content=\"2023-02-01T07:29:52+00:00\" \/>\n<meta property=\"og:image\" content=\"https:\/\/ordo.lt\/wp-content\/uploads\/2019\/12\/V6-2.jpg\" \/>\n\t<meta property=\"og:image:width\" content=\"1920\" \/>\n\t<meta property=\"og:image:height\" content=\"450\" \/>\n\t<meta property=\"og:image:type\" content=\"image\/jpeg\" \/>\n<meta name=\"twitter:card\" content=\"summary_large_image\" \/>\n<script type=\"application\/ld+json\" class=\"yoast-schema-graph\">{\"@context\":\"https:\/\/schema.org\",\"@graph\":[{\"@type\":\"WebPage\",\"@id\":\"https:\/\/ordo.lt\/index.php\/prekyba\/padargai-technika\/komunaline-technika-2\/\",\"url\":\"https:\/\/ordo.lt\/index.php\/prekyba\/padargai-technika\/komunaline-technika-2\/\",\"name\":\"Komunalin\u0117 technika - UAB Ordo\",\"isPartOf\":{\"@id\":\"https:\/\/ordo.lt\/#website\"},\"primaryImageOfPage\":{\"@id\":\"https:\/\/ordo.lt\/index.php\/prekyba\/padargai-technika\/komunaline-technika-2\/#primaryimage\"},\"image\":{\"@id\":\"https:\/\/ordo.lt\/index.php\/prekyba\/padargai-technika\/komunaline-technika-2\/#primaryimage\"},\"thumbnailUrl\":\"https:\/\/ordo.lt\/wp-content\/uploads\/2019\/12\/V6-2.jpg\",\"datePublished\":\"2023-01-27T12:04:23+00:00\",\"dateModified\":\"2023-02-01T07:29:52+00:00\",\"breadcrumb\":{\"@id\":\"https:\/\/ordo.lt\/index.php\/prekyba\/padargai-technika\/komunaline-technika-2\/#breadcrumb\"},\"inLanguage\":\"lt-LT\",\"potentialAction\":[{\"@type\":\"ReadAction\",\"target\":[\"https:\/\/ordo.lt\/index.php\/prekyba\/padargai-technika\/komunaline-technika-2\/\"]}]},{\"@type\":\"ImageObject\",\"inLanguage\":\"lt-LT\",\"@id\":\"https:\/\/ordo.lt\/index.php\/prekyba\/padargai-technika\/komunaline-technika-2\/#primaryimage\",\"url\":\"https:\/\/ordo.lt\/wp-content\/uploads\/2019\/12\/V6-2.jpg\",\"contentUrl\":\"https:\/\/ordo.lt\/wp-content\/uploads\/2019\/12\/V6-2.jpg\",\"width\":1920,\"height\":450},{\"@type\":\"BreadcrumbList\",\"@id\":\"https:\/\/ordo.lt\/index.php\/prekyba\/padargai-technika\/komunaline-technika-2\/#breadcrumb\",\"itemListElement\":[{\"@type\":\"ListItem\",\"position\":1,\"name\":\"Home\",\"item\":\"https:\/\/ordo.lt\/\"},{\"@type\":\"ListItem\",\"position\":2,\"name\":\"Prekyba\",\"item\":\"https:\/\/ordo.lt\/index.php\/prekyba\/\"},{\"@type\":\"ListItem\",\"position\":3,\"name\":\"Padargai, technika\",\"item\":\"https:\/\/ordo.lt\/index.php\/prekyba\/padargai-technika\/\"},{\"@type\":\"ListItem\",\"position\":4,\"name\":\"Komunalin\u0117 technika\"}]},{\"@type\":\"WebSite\",\"@id\":\"https:\/\/ordo.lt\/#website\",\"url\":\"https:\/\/ordo.lt\/\",\"name\":\"UAB Ordo\",\"description\":\"\",\"publisher\":{\"@id\":\"https:\/\/ordo.lt\/#organization\"},\"potentialAction\":[{\"@type\":\"SearchAction\",\"target\":{\"@type\":\"EntryPoint\",\"urlTemplate\":\"https:\/\/ordo.lt\/?s={search_term_string}\"},\"query-input\":{\"@type\":\"PropertyValueSpecification\",\"valueRequired\":true,\"valueName\":\"search_term_string\"}}],\"inLanguage\":\"lt-LT\"},{\"@type\":\"Organization\",\"@id\":\"https:\/\/ordo.lt\/#organization\",\"name\":\"UAB Ordo\",\"url\":\"https:\/\/ordo.lt\/\",\"logo\":{\"@type\":\"ImageObject\",\"inLanguage\":\"lt-LT\",\"@id\":\"https:\/\/ordo.lt\/#\/schema\/logo\/image\/\",\"url\":\"https:\/\/ordo.lt\/wp-content\/uploads\/2019\/09\/ordo-logo-small.png\",\"contentUrl\":\"https:\/\/ordo.lt\/wp-content\/uploads\/2019\/09\/ordo-logo-small.png\",\"width\":200,\"height\":104,\"caption\":\"UAB Ordo\"},\"image\":{\"@id\":\"https:\/\/ordo.lt\/#\/schema\/logo\/image\/\"}}]}<\/script>\n<!-- \/ Yoast SEO Premium plugin. -->","yoast_head_json":{"title":"Komunalin\u0117 technika - UAB Ordo","robots":{"index":"index","follow":"follow","max-snippet":"max-snippet:-1","max-image-preview":"max-image-preview:large","max-video-preview":"max-video-preview:-1"},"canonical":"https:\/\/ordo.lt\/index.php\/prekyba\/padargai-technika\/komunaline-technika-2\/","og_locale":"lt_LT","og_type":"article","og_title":"Komunalin\u0117 technika","og_description":"Komunalin\u0117 technika Sniego valytuvai \u0160lavimo \u012franga Sm\u0117lio druskos barstytuvai Pakeli\u0173 tvarkymo technika Park\u0173 prie\u017ei\u016bros technika","og_url":"https:\/\/ordo.lt\/index.php\/prekyba\/padargai-technika\/komunaline-technika-2\/","og_site_name":"UAB Ordo","article_modified_time":"2023-02-01T07:29:52+00:00","og_image":[{"width":1920,"height":450,"url":"https:\/\/ordo.lt\/wp-content\/uploads\/2019\/12\/V6-2.jpg","type":"image\/jpeg"}],"twitter_card":"summary_large_image","schema":{"@context":"https:\/\/schema.org","@graph":[{"@type":"WebPage","@id":"https:\/\/ordo.lt\/index.php\/prekyba\/padargai-technika\/komunaline-technika-2\/","url":"https:\/\/ordo.lt\/index.php\/prekyba\/padargai-technika\/komunaline-technika-2\/","name":"Komunalin\u0117 technika - UAB Ordo","isPartOf":{"@id":"https:\/\/ordo.lt\/#website"},"primaryImageOfPage":{"@id":"https:\/\/ordo.lt\/index.php\/prekyba\/padargai-technika\/komunaline-technika-2\/#primaryimage"},"image":{"@id":"https:\/\/ordo.lt\/index.php\/prekyba\/padargai-technika\/komunaline-technika-2\/#primaryimage"},"thumbnailUrl":"https:\/\/ordo.lt\/wp-content\/uploads\/2019\/12\/V6-2.jpg","datePublished":"2023-01-27T12:04:23+00:00","dateModified":"2023-02-01T07:29:52+00:00","breadcrumb":{"@id":"https:\/\/ordo.lt\/index.php\/prekyba\/padargai-technika\/komunaline-technika-2\/#breadcrumb"},"inLanguage":"lt-LT","potentialAction":[{"@type":"ReadAction","target":["https:\/\/ordo.lt\/index.php\/prekyba\/padargai-technika\/komunaline-technika-2\/"]}]},{"@type":"ImageObject","inLanguage":"lt-LT","@id":"https:\/\/ordo.lt\/index.php\/prekyba\/padargai-technika\/komunaline-technika-2\/#primaryimage","url":"https:\/\/ordo.lt\/wp-content\/uploads\/2019\/12\/V6-2.jpg","contentUrl":"https:\/\/ordo.lt\/wp-content\/uploads\/2019\/12\/V6-2.jpg","width":1920,"height":450},{"@type":"BreadcrumbList","@id":"https:\/\/ordo.lt\/index.php\/prekyba\/padargai-technika\/komunaline-technika-2\/#breadcrumb","itemListElement":[{"@type":"ListItem","position":1,"name":"Home","item":"https:\/\/ordo.lt\/"},{"@type":"ListItem","position":2,"name":"Prekyba","item":"https:\/\/ordo.lt\/index.php\/prekyba\/"},{"@type":"ListItem","position":3,"name":"Padargai, technika","item":"https:\/\/ordo.lt\/index.php\/prekyba\/padargai-technika\/"},{"@type":"ListItem","position":4,"name":"Komunalin\u0117 technika"}]},{"@type":"WebSite","@id":"https:\/\/ordo.lt\/#website","url":"https:\/\/ordo.lt\/","name":"UAB Ordo","description":"","publisher":{"@id":"https:\/\/ordo.lt\/#organization"},"potentialAction":[{"@type":"SearchAction","target":{"@type":"EntryPoint","urlTemplate":"https:\/\/ordo.lt\/?s={search_term_string}"},"query-input":{"@type":"PropertyValueSpecification","valueRequired":true,"valueName":"search_term_string"}}],"inLanguage":"lt-LT"},{"@type":"Organization","@id":"https:\/\/ordo.lt\/#organization","name":"UAB Ordo","url":"https:\/\/ordo.lt\/","logo":{"@type":"ImageObject","inLanguage":"lt-LT","@id":"https:\/\/ordo.lt\/#\/schema\/logo\/image\/","url":"https:\/\/ordo.lt\/wp-content\/uploads\/2019\/09\/ordo-logo-small.png","contentUrl":"https:\/\/ordo.lt\/wp-content\/uploads\/2019\/09\/ordo-logo-small.png","width":200,"height":104,"caption":"UAB Ordo"},"image":{"@id":"https:\/\/ordo.lt\/#\/schema\/logo\/image\/"}}]}},"_links":{"self":[{"href":"https:\/\/ordo.lt\/index.php\/wp-json\/wp\/v2\/pages\/1740","targetHints":{"allow":["GET"]}}],"collection":[{"href":"https:\/\/ordo.lt\/index.php\/wp-json\/wp\/v2\/pages"}],"about":[{"href":"https:\/\/ordo.lt\/index.php\/wp-json\/wp\/v2\/types\/page"}],"author":[{"embeddable":true,"href":"https:\/\/ordo.lt\/index.php\/wp-json\/wp\/v2\/users\/1"}],"replies":[{"embeddable":true,"href":"https:\/\/ordo.lt\/index.php\/wp-json\/wp\/v2\/comments?post=1740"}],"version-history":[{"count":22,"href":"https:\/\/ordo.lt\/index.php\/wp-json\/wp\/v2\/pages\/1740\/revisions"}],"predecessor-version":[{"id":1991,"href":"https:\/\/ordo.lt\/index.php\/wp-json\/wp\/v2\/pages\/1740\/revisions\/1991"}],"up":[{"embeddable":true,"href":"https:\/\/ordo.lt\/index.php\/wp-json\/wp\/v2\/pages\/1046"}],"wp:featuredmedia":[{"embeddable":true,"href":"https:\/\/ordo.lt\/index.php\/wp-json\/wp\/v2\/media\/1089"}],"wp:attachment":[{"href":"https:\/\/ordo.lt\/index.php\/wp-json\/wp\/v2\/media?parent=1740"}],"curies":[{"name":"wp","href":"https:\/\/api.w.org\/{rel}","templated":true}]}}