{"id":1796,"date":"2023-01-27T12:38:57","date_gmt":"2023-01-27T12:38:57","guid":{"rendered":"https:\/\/ordo.lt\/?page_id=1796"},"modified":"2023-02-01T07:34:12","modified_gmt":"2023-02-01T07:34:12","slug":"parku-prieziuros-technika","status":"publish","type":"page","link":"https:\/\/ordo.lt\/index.php\/prekyba\/padargai-technika\/komunaline-technika-2\/parku-prieziuros-technika\/","title":{"rendered":"Park\u0173 prie\u017ei\u016bros technika"},"content":{"rendered":"\t\t<div data-elementor-type=\"wp-page\" data-elementor-id=\"1796\" class=\"elementor elementor-1796\">\n\t\t\t\t\t\t<section class=\"elementor-section elementor-top-section elementor-element elementor-element-5fbc7c7 elementor-section-boxed elementor-section-height-default elementor-section-height-default\" data-id=\"5fbc7c7\" data-element_type=\"section\" data-e-type=\"section\" data-settings=\"{&quot;background_background&quot;:&quot;classic&quot;}\">\n\t\t\t\t\t\t<div class=\"elementor-container elementor-column-gap-default\">\n\t\t\t\t\t<div class=\"elementor-column elementor-col-100 elementor-top-column elementor-element elementor-element-d554d34\" data-id=\"d554d34\" data-element_type=\"column\" data-e-type=\"column\">\n\t\t\t<div class=\"elementor-widget-wrap elementor-element-populated\">\n\t\t\t\t\t\t<div class=\"elementor-element elementor-element-dda650a elementor-widget elementor-widget-heading\" data-id=\"dda650a\" data-element_type=\"widget\" data-e-type=\"widget\" data-widget_type=\"heading.default\">\n\t\t\t\t<div class=\"elementor-widget-container\">\n\t\t\t\t\t<h2 class=\"elementor-heading-title elementor-size-default\">Komunalin\u0117 technika<\/h2>\t\t\t\t<\/div>\n\t\t\t\t<\/div>\n\t\t\t\t\t<\/div>\n\t\t<\/div>\n\t\t\t\t\t<\/div>\n\t\t<\/section>\n\t\t\t\t<\/div>\n\t\t","protected":false},"excerpt":{"rendered":"<p>Komunalin\u0117 technika<\/p>\n","protected":false},"author":1,"featured_media":1089,"parent":1740,"menu_order":0,"comment_status":"closed","ping_status":"closed","template":"","meta":{"footnotes":""},"class_list":["post-1796","page","type-page","status-publish","has-post-thumbnail"],"yoast_head":"<!-- This site is optimized with the Yoast SEO Premium plugin v27.1 (Yoast SEO v27.1.1) - https:\/\/yoast.com\/product\/yoast-seo-premium-wordpress\/ -->\n<title>Park\u0173 prie\u017ei\u016bros technika - UAB Ordo<\/title>\n<meta name=\"robots\" content=\"index, follow, max-snippet:-1, max-image-preview:large, max-video-preview:-1\" \/>\n<link rel=\"canonical\" href=\"https:\/\/ordo.lt\/index.php\/prekyba\/padargai-technika\/komunaline-technika-2\/parku-prieziuros-technika\/\" \/>\n<meta property=\"og:locale\" content=\"lt_LT\" \/>\n<meta property=\"og:type\" content=\"article\" \/>\n<meta property=\"og:title\" content=\"Park\u0173 prie\u017ei\u016bros technika\" \/>\n<meta property=\"og:description\" content=\"Komunalin\u0117 technika\" \/>\n<meta property=\"og:url\" content=\"https:\/\/ordo.lt\/index.php\/prekyba\/padargai-technika\/komunaline-technika-2\/parku-prieziuros-technika\/\" \/>\n<meta property=\"og:site_name\" content=\"UAB Ordo\" \/>\n<meta property=\"article:modified_time\" content=\"2023-02-01T07:34:12+00:00\" \/>\n<meta property=\"og:image\" content=\"https:\/\/ordo.lt\/wp-content\/uploads\/2019\/12\/V6-2.jpg\" \/>\n\t<meta property=\"og:image:width\" content=\"1920\" \/>\n\t<meta property=\"og:image:height\" content=\"450\" \/>\n\t<meta property=\"og:image:type\" content=\"image\/jpeg\" \/>\n<meta name=\"twitter:card\" content=\"summary_large_image\" \/>\n<script type=\"application\/ld+json\" class=\"yoast-schema-graph\">{\"@context\":\"https:\/\/schema.org\",\"@graph\":[{\"@type\":\"WebPage\",\"@id\":\"https:\/\/ordo.lt\/index.php\/prekyba\/padargai-technika\/komunaline-technika-2\/parku-prieziuros-technika\/\",\"url\":\"https:\/\/ordo.lt\/index.php\/prekyba\/padargai-technika\/komunaline-technika-2\/parku-prieziuros-technika\/\",\"name\":\"Park\u0173 prie\u017ei\u016bros technika - UAB Ordo\",\"isPartOf\":{\"@id\":\"https:\/\/ordo.lt\/#website\"},\"primaryImageOfPage\":{\"@id\":\"https:\/\/ordo.lt\/index.php\/prekyba\/padargai-technika\/komunaline-technika-2\/parku-prieziuros-technika\/#primaryimage\"},\"image\":{\"@id\":\"https:\/\/ordo.lt\/index.php\/prekyba\/padargai-technika\/komunaline-technika-2\/parku-prieziuros-technika\/#primaryimage\"},\"thumbnailUrl\":\"https:\/\/ordo.lt\/wp-content\/uploads\/2019\/12\/V6-2.jpg\",\"datePublished\":\"2023-01-27T12:38:57+00:00\",\"dateModified\":\"2023-02-01T07:34:12+00:00\",\"breadcrumb\":{\"@id\":\"https:\/\/ordo.lt\/index.php\/prekyba\/padargai-technika\/komunaline-technika-2\/parku-prieziuros-technika\/#breadcrumb\"},\"inLanguage\":\"lt-LT\",\"potentialAction\":[{\"@type\":\"ReadAction\",\"target\":[\"https:\/\/ordo.lt\/index.php\/prekyba\/padargai-technika\/komunaline-technika-2\/parku-prieziuros-technika\/\"]}]},{\"@type\":\"ImageObject\",\"inLanguage\":\"lt-LT\",\"@id\":\"https:\/\/ordo.lt\/index.php\/prekyba\/padargai-technika\/komunaline-technika-2\/parku-prieziuros-technika\/#primaryimage\",\"url\":\"https:\/\/ordo.lt\/wp-content\/uploads\/2019\/12\/V6-2.jpg\",\"contentUrl\":\"https:\/\/ordo.lt\/wp-content\/uploads\/2019\/12\/V6-2.jpg\",\"width\":1920,\"height\":450},{\"@type\":\"BreadcrumbList\",\"@id\":\"https:\/\/ordo.lt\/index.php\/prekyba\/padargai-technika\/komunaline-technika-2\/parku-prieziuros-technika\/#breadcrumb\",\"itemListElement\":[{\"@type\":\"ListItem\",\"position\":1,\"name\":\"Home\",\"item\":\"https:\/\/ordo.lt\/\"},{\"@type\":\"ListItem\",\"position\":2,\"name\":\"Prekyba\",\"item\":\"https:\/\/ordo.lt\/index.php\/prekyba\/\"},{\"@type\":\"ListItem\",\"position\":3,\"name\":\"Padargai, technika\",\"item\":\"https:\/\/ordo.lt\/index.php\/prekyba\/padargai-technika\/\"},{\"@type\":\"ListItem\",\"position\":4,\"name\":\"Komunalin\u0117 technika\",\"item\":\"https:\/\/ordo.lt\/index.php\/prekyba\/padargai-technika\/komunaline-technika-2\/\"},{\"@type\":\"ListItem\",\"position\":5,\"name\":\"Park\u0173 prie\u017ei\u016bros technika\"}]},{\"@type\":\"WebSite\",\"@id\":\"https:\/\/ordo.lt\/#website\",\"url\":\"https:\/\/ordo.lt\/\",\"name\":\"UAB Ordo\",\"description\":\"\",\"publisher\":{\"@id\":\"https:\/\/ordo.lt\/#organization\"},\"potentialAction\":[{\"@type\":\"SearchAction\",\"target\":{\"@type\":\"EntryPoint\",\"urlTemplate\":\"https:\/\/ordo.lt\/?s={search_term_string}\"},\"query-input\":{\"@type\":\"PropertyValueSpecification\",\"valueRequired\":true,\"valueName\":\"search_term_string\"}}],\"inLanguage\":\"lt-LT\"},{\"@type\":\"Organization\",\"@id\":\"https:\/\/ordo.lt\/#organization\",\"name\":\"UAB Ordo\",\"url\":\"https:\/\/ordo.lt\/\",\"logo\":{\"@type\":\"ImageObject\",\"inLanguage\":\"lt-LT\",\"@id\":\"https:\/\/ordo.lt\/#\/schema\/logo\/image\/\",\"url\":\"https:\/\/ordo.lt\/wp-content\/uploads\/2019\/09\/ordo-logo-small.png\",\"contentUrl\":\"https:\/\/ordo.lt\/wp-content\/uploads\/2019\/09\/ordo-logo-small.png\",\"width\":200,\"height\":104,\"caption\":\"UAB Ordo\"},\"image\":{\"@id\":\"https:\/\/ordo.lt\/#\/schema\/logo\/image\/\"}}]}<\/script>\n<!-- \/ Yoast SEO Premium plugin. -->","yoast_head_json":{"title":"Park\u0173 prie\u017ei\u016bros technika - UAB Ordo","robots":{"index":"index","follow":"follow","max-snippet":"max-snippet:-1","max-image-preview":"max-image-preview:large","max-video-preview":"max-video-preview:-1"},"canonical":"https:\/\/ordo.lt\/index.php\/prekyba\/padargai-technika\/komunaline-technika-2\/parku-prieziuros-technika\/","og_locale":"lt_LT","og_type":"article","og_title":"Park\u0173 prie\u017ei\u016bros technika","og_description":"Komunalin\u0117 technika","og_url":"https:\/\/ordo.lt\/index.php\/prekyba\/padargai-technika\/komunaline-technika-2\/parku-prieziuros-technika\/","og_site_name":"UAB Ordo","article_modified_time":"2023-02-01T07:34:12+00:00","og_image":[{"width":1920,"height":450,"url":"https:\/\/ordo.lt\/wp-content\/uploads\/2019\/12\/V6-2.jpg","type":"image\/jpeg"}],"twitter_card":"summary_large_image","schema":{"@context":"https:\/\/schema.org","@graph":[{"@type":"WebPage","@id":"https:\/\/ordo.lt\/index.php\/prekyba\/padargai-technika\/komunaline-technika-2\/parku-prieziuros-technika\/","url":"https:\/\/ordo.lt\/index.php\/prekyba\/padargai-technika\/komunaline-technika-2\/parku-prieziuros-technika\/","name":"Park\u0173 prie\u017ei\u016bros technika - UAB Ordo","isPartOf":{"@id":"https:\/\/ordo.lt\/#website"},"primaryImageOfPage":{"@id":"https:\/\/ordo.lt\/index.php\/prekyba\/padargai-technika\/komunaline-technika-2\/parku-prieziuros-technika\/#primaryimage"},"image":{"@id":"https:\/\/ordo.lt\/index.php\/prekyba\/padargai-technika\/komunaline-technika-2\/parku-prieziuros-technika\/#primaryimage"},"thumbnailUrl":"https:\/\/ordo.lt\/wp-content\/uploads\/2019\/12\/V6-2.jpg","datePublished":"2023-01-27T12:38:57+00:00","dateModified":"2023-02-01T07:34:12+00:00","breadcrumb":{"@id":"https:\/\/ordo.lt\/index.php\/prekyba\/padargai-technika\/komunaline-technika-2\/parku-prieziuros-technika\/#breadcrumb"},"inLanguage":"lt-LT","potentialAction":[{"@type":"ReadAction","target":["https:\/\/ordo.lt\/index.php\/prekyba\/padargai-technika\/komunaline-technika-2\/parku-prieziuros-technika\/"]}]},{"@type":"ImageObject","inLanguage":"lt-LT","@id":"https:\/\/ordo.lt\/index.php\/prekyba\/padargai-technika\/komunaline-technika-2\/parku-prieziuros-technika\/#primaryimage","url":"https:\/\/ordo.lt\/wp-content\/uploads\/2019\/12\/V6-2.jpg","contentUrl":"https:\/\/ordo.lt\/wp-content\/uploads\/2019\/12\/V6-2.jpg","width":1920,"height":450},{"@type":"BreadcrumbList","@id":"https:\/\/ordo.lt\/index.php\/prekyba\/padargai-technika\/komunaline-technika-2\/parku-prieziuros-technika\/#breadcrumb","itemListElement":[{"@type":"ListItem","position":1,"name":"Home","item":"https:\/\/ordo.lt\/"},{"@type":"ListItem","position":2,"name":"Prekyba","item":"https:\/\/ordo.lt\/index.php\/prekyba\/"},{"@type":"ListItem","position":3,"name":"Padargai, technika","item":"https:\/\/ordo.lt\/index.php\/prekyba\/padargai-technika\/"},{"@type":"ListItem","position":4,"name":"Komunalin\u0117 technika","item":"https:\/\/ordo.lt\/index.php\/prekyba\/padargai-technika\/komunaline-technika-2\/"},{"@type":"ListItem","position":5,"name":"Park\u0173 prie\u017ei\u016bros technika"}]},{"@type":"WebSite","@id":"https:\/\/ordo.lt\/#website","url":"https:\/\/ordo.lt\/","name":"UAB Ordo","description":"","publisher":{"@id":"https:\/\/ordo.lt\/#organization"},"potentialAction":[{"@type":"SearchAction","target":{"@type":"EntryPoint","urlTemplate":"https:\/\/ordo.lt\/?s={search_term_string}"},"query-input":{"@type":"PropertyValueSpecification","valueRequired":true,"valueName":"search_term_string"}}],"inLanguage":"lt-LT"},{"@type":"Organization","@id":"https:\/\/ordo.lt\/#organization","name":"UAB Ordo","url":"https:\/\/ordo.lt\/","logo":{"@type":"ImageObject","inLanguage":"lt-LT","@id":"https:\/\/ordo.lt\/#\/schema\/logo\/image\/","url":"https:\/\/ordo.lt\/wp-content\/uploads\/2019\/09\/ordo-logo-small.png","contentUrl":"https:\/\/ordo.lt\/wp-content\/uploads\/2019\/09\/ordo-logo-small.png","width":200,"height":104,"caption":"UAB Ordo"},"image":{"@id":"https:\/\/ordo.lt\/#\/schema\/logo\/image\/"}}]}},"_links":{"self":[{"href":"https:\/\/ordo.lt\/index.php\/wp-json\/wp\/v2\/pages\/1796","targetHints":{"allow":["GET"]}}],"collection":[{"href":"https:\/\/ordo.lt\/index.php\/wp-json\/wp\/v2\/pages"}],"about":[{"href":"https:\/\/ordo.lt\/index.php\/wp-json\/wp\/v2\/types\/page"}],"author":[{"embeddable":true,"href":"https:\/\/ordo.lt\/index.php\/wp-json\/wp\/v2\/users\/1"}],"replies":[{"embeddable":true,"href":"https:\/\/ordo.lt\/index.php\/wp-json\/wp\/v2\/comments?post=1796"}],"version-history":[{"count":7,"href":"https:\/\/ordo.lt\/index.php\/wp-json\/wp\/v2\/pages\/1796\/revisions"}],"predecessor-version":[{"id":2003,"href":"https:\/\/ordo.lt\/index.php\/wp-json\/wp\/v2\/pages\/1796\/revisions\/2003"}],"up":[{"embeddable":true,"href":"https:\/\/ordo.lt\/index.php\/wp-json\/wp\/v2\/pages\/1740"}],"wp:featuredmedia":[{"embeddable":true,"href":"https:\/\/ordo.lt\/index.php\/wp-json\/wp\/v2\/media\/1089"}],"wp:attachment":[{"href":"https:\/\/ordo.lt\/index.php\/wp-json\/wp\/v2\/media?parent=1796"}],"curies":[{"name":"wp","href":"https:\/\/api.w.org\/{rel}","templated":true}]}}