{"id":61,"date":"2019-09-15T06:39:19","date_gmt":"2019-09-15T06:39:19","guid":{"rendered":"http:\/\/ordo.lt\/?page_id=61"},"modified":"2025-01-24T06:57:23","modified_gmt":"2025-01-24T06:57:23","slug":"apie-mus","status":"publish","type":"page","link":"https:\/\/ordo.lt\/index.php\/apie-mus\/","title":{"rendered":"Apie mus"},"content":{"rendered":"\t\t<div data-elementor-type=\"wp-post\" data-elementor-id=\"61\" class=\"elementor elementor-61\">\n\t\t\t\t\t\t<section class=\"elementor-section elementor-top-section elementor-element elementor-element-9c6177c elementor-section-boxed elementor-section-height-default elementor-section-height-default\" data-id=\"9c6177c\" data-element_type=\"section\" data-e-type=\"section\" data-settings=\"{&quot;background_background&quot;:&quot;classic&quot;}\">\n\t\t\t\t\t\t<div class=\"elementor-container elementor-column-gap-default\">\n\t\t\t\t\t<div class=\"elementor-column elementor-col-100 elementor-top-column elementor-element elementor-element-f35fabe\" data-id=\"f35fabe\" data-element_type=\"column\" data-e-type=\"column\">\n\t\t\t<div class=\"elementor-widget-wrap elementor-element-populated\">\n\t\t\t\t\t\t<div class=\"elementor-element elementor-element-95b389f elementor-widget elementor-widget-heading\" data-id=\"95b389f\" data-element_type=\"widget\" data-e-type=\"widget\" data-widget_type=\"heading.default\">\n\t\t\t\t<div class=\"elementor-widget-container\">\n\t\t\t\t\t<h2 class=\"elementor-heading-title elementor-size-default\">Apie mus<\/h2>\t\t\t\t<\/div>\n\t\t\t\t<\/div>\n\t\t\t\t\t<\/div>\n\t\t<\/div>\n\t\t\t\t\t<\/div>\n\t\t<\/section>\n\t\t\t\t<section class=\"elementor-section elementor-top-section elementor-element elementor-element-e2d6041 elementor-section-boxed elementor-section-height-default elementor-section-height-default\" data-id=\"e2d6041\" data-element_type=\"section\" data-e-type=\"section\" data-settings=\"{&quot;background_background&quot;:&quot;classic&quot;}\">\n\t\t\t\t\t\t<div class=\"elementor-container elementor-column-gap-default\">\n\t\t\t\t\t<div class=\"elementor-column elementor-col-100 elementor-top-column elementor-element elementor-element-a682a83\" data-id=\"a682a83\" data-element_type=\"column\" data-e-type=\"column\">\n\t\t\t<div class=\"elementor-widget-wrap elementor-element-populated\">\n\t\t\t\t\t\t<div class=\"elementor-element elementor-element-9a3d09b elementor-widget elementor-widget-text-editor\" data-id=\"9a3d09b\" data-element_type=\"widget\" data-e-type=\"widget\" data-widget_type=\"text-editor.default\">\n\t\t\t\t<div class=\"elementor-widget-container\">\n\t\t\t\t\t\t\t\t\t<p>UAB \u201eORDO\u201c dirba Jums daugiau nei 30 met\u0173. \u012ekurta 1992 m. kovo 25 d.<\/p><p>\u012emon\u0117s veikl\u0105 sudaro \u0161ios pagrindin\u0117s kryptys:<\/p><ul style=\"list-style-type: square;\"><li>Didmenin\u0117 bei ma\u017emenin\u0117 prekyba traktori\u0173 ir \u017eem\u0117s \u016bkio technikos detal\u0117mis;<\/li><li>Statybin\u0117s technikos nuoma;<\/li><li>Automobili\u0173 stov\u0117jimo aik\u0161teli\u0173 ir \u012fva\u017eiavim\u0173 \u012frengimas, grindinio trinkeli\u0173 klojimas;<\/li><li>\u017dali\u0173j\u0173 plot\u0173 prie\u017ei\u016bra;<\/li><li>Gatvi\u0173 ap\u0161vietimo tinkl\u0173 ir \u0161viesofor\u0173 \u012frengimas, bei eksploatacija.<\/li><\/ul><p>Prekyba vykdoma penkiuose \u012fmon\u0117s padaliniuose &#8211; Alytuje, Prienuose, Var\u0117noje, Lazdijuose, bei \u0160akiuose.<\/p><p>UAB \u201eOrdo\u201c \u012fformino dokumentais, \u012fgyvendino ir pri\u017ei\u016bri aplinkos apsaugos vadybos sistem\u0105, kokyb\u0117s vadybos sistem\u0105, darbuotoj\u0173 saugos ir sveikatos vadybos sistem\u0105, pagal ISO reikalavimus. Tai patvirtina turimi ISO 14001, ISO 9001 bei BS OHSAS 1801 sertifikatai.<\/p><p>Dirbdami mes visuomet stengiam\u0117s suprasti ir i\u0161siai\u0161kinti kliento poreikius, juos tenkinti panaudojant vis\u0105 sukaupt\u0105 ilgamet\u0119 patirt\u012f bei \u017einias.<\/p><p>Siekiame tapti \u017einoma ir gerbiama \u012fmone ne tik Lietuvos, bet ir u\u017esienio rinkose bendradarbiaudami su kitomis kompanijomis. \u012emon\u0117s veiklos siekis \u2013 teikti auk\u0161\u010diausios kokyb\u0117s, optimaliausias paslaugas Piet\u0173 Lietuvos regione.<\/p><p>R\u016bpinam\u0117s savo klient\u0173 ir verslo partneri\u0173 gerove. Siekiame b\u016bti socialiai atsakinga ir patikima \u012fmone.<\/p><p>Entuziastingi, profesional\u016bs ir paslaug\u016bs \u012fmon\u0117s darbuotojai, atsi\u017evelgdami \u012f u\u017esakovo poreikius, visada pasireng\u0119 rasti optimaliausi\u0105 sprendim\u0105.<\/p><p>\u012emon\u0117s veiklos nuostatos grind\u017eiamos atsakingu, laiku atliktu, kokybi\u0161ku darbu, patikimais darbuotojais, nuo\u0161ird\u017eiu bendravimu su klientais.<\/p><p>Bendrov\u0117s ataskaitos rengiamos vadovaujantis verslo apskaitos standartais.<\/p>\t\t\t\t\t\t\t\t<\/div>\n\t\t\t\t<\/div>\n\t\t\t\t\t<\/div>\n\t\t<\/div>\n\t\t\t\t\t<\/div>\n\t\t<\/section>\n\t\t\t\t<section class=\"elementor-section elementor-top-section elementor-element elementor-element-5318d45 elementor-section-boxed elementor-section-height-default elementor-section-height-default\" data-id=\"5318d45\" data-element_type=\"section\" data-e-type=\"section\" data-settings=\"{&quot;background_background&quot;:&quot;classic&quot;}\">\n\t\t\t\t\t\t<div class=\"elementor-container elementor-column-gap-default\">\n\t\t\t\t\t<div class=\"elementor-column elementor-col-33 elementor-top-column elementor-element elementor-element-1dadc97\" data-id=\"1dadc97\" data-element_type=\"column\" data-e-type=\"column\">\n\t\t\t<div class=\"elementor-widget-wrap elementor-element-populated\">\n\t\t\t\t\t\t<div class=\"elementor-element elementor-element-10361e4 elementor-widget elementor-widget-image\" data-id=\"10361e4\" data-element_type=\"widget\" data-e-type=\"widget\" data-widget_type=\"image.default\">\n\t\t\t\t<div class=\"elementor-widget-container\">\n\t\t\t\t\t\t\t\t\t\t\t\t\t\t\t\t<a href=\"https:\/\/ordo.lt\/wp-content\/uploads\/2025\/01\/ISO_sertifikatai_9001.pdf\">\n\t\t\t\t\t\t\t<img decoding=\"async\" width=\"150\" height=\"150\" src=\"https:\/\/ordo.lt\/wp-content\/uploads\/2025\/01\/Certificacion-ISO-9001-2015-768x784-1-150x150.png\" class=\"attachment-thumbnail size-thumbnail wp-image-2190\" alt=\"\" \/>\t\t\t\t\t\t\t\t<\/a>\n\t\t\t\t\t\t\t\t\t\t\t\t\t\t\t<\/div>\n\t\t\t\t<\/div>\n\t\t\t\t\t<\/div>\n\t\t<\/div>\n\t\t\t\t<div class=\"elementor-column elementor-col-33 elementor-top-column elementor-element elementor-element-0955835\" data-id=\"0955835\" data-element_type=\"column\" data-e-type=\"column\">\n\t\t\t<div class=\"elementor-widget-wrap elementor-element-populated\">\n\t\t\t\t\t\t<div class=\"elementor-element elementor-element-d4b1f0e elementor-widget elementor-widget-image\" data-id=\"d4b1f0e\" data-element_type=\"widget\" data-e-type=\"widget\" data-widget_type=\"image.default\">\n\t\t\t\t<div class=\"elementor-widget-container\">\n\t\t\t\t\t\t\t\t\t\t\t\t\t\t\t\t<a href=\"https:\/\/ordo.lt\/wp-content\/uploads\/2025\/01\/ISO_sertifikatai_14001.pdf\">\n\t\t\t\t\t\t\t<img decoding=\"async\" width=\"150\" height=\"150\" src=\"https:\/\/ordo.lt\/wp-content\/uploads\/2025\/01\/Certificacion-ISO-14001-2015-768x784-1-150x150.png\" class=\"attachment-thumbnail size-thumbnail wp-image-2191\" alt=\"\" \/>\t\t\t\t\t\t\t\t<\/a>\n\t\t\t\t\t\t\t\t\t\t\t\t\t\t\t<\/div>\n\t\t\t\t<\/div>\n\t\t\t\t\t<\/div>\n\t\t<\/div>\n\t\t\t\t<div class=\"elementor-column elementor-col-33 elementor-top-column elementor-element elementor-element-1da4a3e\" data-id=\"1da4a3e\" data-element_type=\"column\" data-e-type=\"column\">\n\t\t\t<div class=\"elementor-widget-wrap elementor-element-populated\">\n\t\t\t\t\t\t<div class=\"elementor-element elementor-element-ec63983 elementor-widget elementor-widget-image\" data-id=\"ec63983\" data-element_type=\"widget\" data-e-type=\"widget\" data-widget_type=\"image.default\">\n\t\t\t\t<div class=\"elementor-widget-container\">\n\t\t\t\t\t\t\t\t\t\t\t\t\t\t\t\t<a href=\"https:\/\/ordo.lt\/wp-content\/uploads\/2025\/01\/ISO_sertifikatai_45001.pdf\">\n\t\t\t\t\t\t\t<img decoding=\"async\" width=\"150\" height=\"150\" src=\"https:\/\/ordo.lt\/wp-content\/uploads\/2025\/01\/Certificacion-ISO-45001-2018-768x784-1-150x150.png\" class=\"attachment-thumbnail size-thumbnail wp-image-2192\" alt=\"\" \/>\t\t\t\t\t\t\t\t<\/a>\n\t\t\t\t\t\t\t\t\t\t\t\t\t\t\t<\/div>\n\t\t\t\t<\/div>\n\t\t\t\t\t<\/div>\n\t\t<\/div>\n\t\t\t\t\t<\/div>\n\t\t<\/section>\n\t\t\t\t<\/div>\n\t\t","protected":false},"excerpt":{"rendered":"<p>Apie mus UAB \u201eORDO\u201c dirba Jums daugiau nei 30 met\u0173. \u012ekurta 1992 m. kovo 25 d. \u012emon\u0117s veikl\u0105 sudaro \u0161ios pagrindin\u0117s kryptys: Didmenin\u0117 bei ma\u017emenin\u0117 prekyba traktori\u0173 ir \u017eem\u0117s \u016bkio technikos detal\u0117mis; Statybin\u0117s technikos nuoma; Automobili\u0173 stov\u0117jimo aik\u0161teli\u0173 ir \u012fva\u017eiavim\u0173 \u012frengimas, grindinio trinkeli\u0173 klojimas; \u017dali\u0173j\u0173 plot\u0173 prie\u017ei\u016bra; Gatvi\u0173 ap\u0161vietimo tinkl\u0173 ir \u0161viesofor\u0173 \u012frengimas, bei eksploatacija. &#8230; <a title=\"Apie mus\" class=\"read-more\" href=\"https:\/\/ordo.lt\/index.php\/apie-mus\/\" aria-label=\"Read more about Apie mus\">Read more<\/a><\/p>\n","protected":false},"author":1,"featured_media":155,"parent":0,"menu_order":0,"comment_status":"closed","ping_status":"closed","template":"elementor_header_footer","meta":{"footnotes":""},"class_list":["post-61","page","type-page","status-publish","has-post-thumbnail"],"yoast_head":"<!-- This site is optimized with the Yoast SEO Premium plugin v27.1 (Yoast SEO v27.1.1) - https:\/\/yoast.com\/product\/yoast-seo-premium-wordpress\/ -->\n<title>Apie mus - UAB Ordo<\/title>\n<meta name=\"robots\" content=\"index, follow, max-snippet:-1, max-image-preview:large, max-video-preview:-1\" \/>\n<link rel=\"canonical\" href=\"https:\/\/ordo.lt\/index.php\/apie-mus\/\" \/>\n<meta property=\"og:locale\" content=\"lt_LT\" \/>\n<meta property=\"og:type\" content=\"article\" \/>\n<meta property=\"og:title\" content=\"Apie mus\" \/>\n<meta property=\"og:description\" content=\"Apie mus UAB \u201eORDO\u201c dirba Jums daugiau nei 30 met\u0173. \u012ekurta 1992 m. kovo 25 d. \u012emon\u0117s veikl\u0105 sudaro \u0161ios pagrindin\u0117s kryptys: Didmenin\u0117 bei ma\u017emenin\u0117 prekyba traktori\u0173 ir \u017eem\u0117s \u016bkio technikos detal\u0117mis; Statybin\u0117s technikos nuoma; Automobili\u0173 stov\u0117jimo aik\u0161teli\u0173 ir \u012fva\u017eiavim\u0173 \u012frengimas, grindinio trinkeli\u0173 klojimas; \u017dali\u0173j\u0173 plot\u0173 prie\u017ei\u016bra; Gatvi\u0173 ap\u0161vietimo tinkl\u0173 ir \u0161viesofor\u0173 \u012frengimas, bei eksploatacija. ... Read more\" \/>\n<meta property=\"og:url\" content=\"https:\/\/ordo.lt\/index.php\/apie-mus\/\" \/>\n<meta property=\"og:site_name\" content=\"UAB Ordo\" \/>\n<meta property=\"article:modified_time\" content=\"2025-01-24T06:57:23+00:00\" \/>\n<meta property=\"og:image\" content=\"https:\/\/ordo.lt\/wp-content\/uploads\/2019\/09\/ordo.jpg\" \/>\n\t<meta property=\"og:image:width\" content=\"1920\" \/>\n\t<meta property=\"og:image:height\" content=\"791\" \/>\n\t<meta property=\"og:image:type\" content=\"image\/jpeg\" \/>\n<meta name=\"twitter:card\" content=\"summary_large_image\" \/>\n<meta name=\"twitter:label1\" content=\"Est. reading time\" \/>\n\t<meta name=\"twitter:data1\" content=\"1 minut\u0117\" \/>\n<script type=\"application\/ld+json\" class=\"yoast-schema-graph\">{\"@context\":\"https:\/\/schema.org\",\"@graph\":[{\"@type\":\"WebPage\",\"@id\":\"https:\/\/ordo.lt\/index.php\/apie-mus\/\",\"url\":\"https:\/\/ordo.lt\/index.php\/apie-mus\/\",\"name\":\"Apie mus - UAB Ordo\",\"isPartOf\":{\"@id\":\"https:\/\/ordo.lt\/#website\"},\"primaryImageOfPage\":{\"@id\":\"https:\/\/ordo.lt\/index.php\/apie-mus\/#primaryimage\"},\"image\":{\"@id\":\"https:\/\/ordo.lt\/index.php\/apie-mus\/#primaryimage\"},\"thumbnailUrl\":\"https:\/\/ordo.lt\/wp-content\/uploads\/2019\/09\/ordo.jpg\",\"datePublished\":\"2019-09-15T06:39:19+00:00\",\"dateModified\":\"2025-01-24T06:57:23+00:00\",\"breadcrumb\":{\"@id\":\"https:\/\/ordo.lt\/index.php\/apie-mus\/#breadcrumb\"},\"inLanguage\":\"lt-LT\",\"potentialAction\":[{\"@type\":\"ReadAction\",\"target\":[\"https:\/\/ordo.lt\/index.php\/apie-mus\/\"]}]},{\"@type\":\"ImageObject\",\"inLanguage\":\"lt-LT\",\"@id\":\"https:\/\/ordo.lt\/index.php\/apie-mus\/#primaryimage\",\"url\":\"https:\/\/ordo.lt\/wp-content\/uploads\/2019\/09\/ordo.jpg\",\"contentUrl\":\"https:\/\/ordo.lt\/wp-content\/uploads\/2019\/09\/ordo.jpg\",\"width\":1920,\"height\":791},{\"@type\":\"BreadcrumbList\",\"@id\":\"https:\/\/ordo.lt\/index.php\/apie-mus\/#breadcrumb\",\"itemListElement\":[{\"@type\":\"ListItem\",\"position\":1,\"name\":\"Home\",\"item\":\"https:\/\/ordo.lt\/\"},{\"@type\":\"ListItem\",\"position\":2,\"name\":\"Apie mus\"}]},{\"@type\":\"WebSite\",\"@id\":\"https:\/\/ordo.lt\/#website\",\"url\":\"https:\/\/ordo.lt\/\",\"name\":\"UAB Ordo\",\"description\":\"\",\"publisher\":{\"@id\":\"https:\/\/ordo.lt\/#organization\"},\"potentialAction\":[{\"@type\":\"SearchAction\",\"target\":{\"@type\":\"EntryPoint\",\"urlTemplate\":\"https:\/\/ordo.lt\/?s={search_term_string}\"},\"query-input\":{\"@type\":\"PropertyValueSpecification\",\"valueRequired\":true,\"valueName\":\"search_term_string\"}}],\"inLanguage\":\"lt-LT\"},{\"@type\":\"Organization\",\"@id\":\"https:\/\/ordo.lt\/#organization\",\"name\":\"UAB Ordo\",\"url\":\"https:\/\/ordo.lt\/\",\"logo\":{\"@type\":\"ImageObject\",\"inLanguage\":\"lt-LT\",\"@id\":\"https:\/\/ordo.lt\/#\/schema\/logo\/image\/\",\"url\":\"https:\/\/ordo.lt\/wp-content\/uploads\/2019\/09\/ordo-logo-small.png\",\"contentUrl\":\"https:\/\/ordo.lt\/wp-content\/uploads\/2019\/09\/ordo-logo-small.png\",\"width\":200,\"height\":104,\"caption\":\"UAB Ordo\"},\"image\":{\"@id\":\"https:\/\/ordo.lt\/#\/schema\/logo\/image\/\"}}]}<\/script>\n<!-- \/ Yoast SEO Premium plugin. -->","yoast_head_json":{"title":"Apie mus - UAB Ordo","robots":{"index":"index","follow":"follow","max-snippet":"max-snippet:-1","max-image-preview":"max-image-preview:large","max-video-preview":"max-video-preview:-1"},"canonical":"https:\/\/ordo.lt\/index.php\/apie-mus\/","og_locale":"lt_LT","og_type":"article","og_title":"Apie mus","og_description":"Apie mus UAB \u201eORDO\u201c dirba Jums daugiau nei 30 met\u0173. \u012ekurta 1992 m. kovo 25 d. \u012emon\u0117s veikl\u0105 sudaro \u0161ios pagrindin\u0117s kryptys: Didmenin\u0117 bei ma\u017emenin\u0117 prekyba traktori\u0173 ir \u017eem\u0117s \u016bkio technikos detal\u0117mis; Statybin\u0117s technikos nuoma; Automobili\u0173 stov\u0117jimo aik\u0161teli\u0173 ir \u012fva\u017eiavim\u0173 \u012frengimas, grindinio trinkeli\u0173 klojimas; \u017dali\u0173j\u0173 plot\u0173 prie\u017ei\u016bra; Gatvi\u0173 ap\u0161vietimo tinkl\u0173 ir \u0161viesofor\u0173 \u012frengimas, bei eksploatacija. ... Read more","og_url":"https:\/\/ordo.lt\/index.php\/apie-mus\/","og_site_name":"UAB Ordo","article_modified_time":"2025-01-24T06:57:23+00:00","og_image":[{"width":1920,"height":791,"url":"https:\/\/ordo.lt\/wp-content\/uploads\/2019\/09\/ordo.jpg","type":"image\/jpeg"}],"twitter_card":"summary_large_image","twitter_misc":{"Est. reading time":"1 minut\u0117"},"schema":{"@context":"https:\/\/schema.org","@graph":[{"@type":"WebPage","@id":"https:\/\/ordo.lt\/index.php\/apie-mus\/","url":"https:\/\/ordo.lt\/index.php\/apie-mus\/","name":"Apie mus - UAB Ordo","isPartOf":{"@id":"https:\/\/ordo.lt\/#website"},"primaryImageOfPage":{"@id":"https:\/\/ordo.lt\/index.php\/apie-mus\/#primaryimage"},"image":{"@id":"https:\/\/ordo.lt\/index.php\/apie-mus\/#primaryimage"},"thumbnailUrl":"https:\/\/ordo.lt\/wp-content\/uploads\/2019\/09\/ordo.jpg","datePublished":"2019-09-15T06:39:19+00:00","dateModified":"2025-01-24T06:57:23+00:00","breadcrumb":{"@id":"https:\/\/ordo.lt\/index.php\/apie-mus\/#breadcrumb"},"inLanguage":"lt-LT","potentialAction":[{"@type":"ReadAction","target":["https:\/\/ordo.lt\/index.php\/apie-mus\/"]}]},{"@type":"ImageObject","inLanguage":"lt-LT","@id":"https:\/\/ordo.lt\/index.php\/apie-mus\/#primaryimage","url":"https:\/\/ordo.lt\/wp-content\/uploads\/2019\/09\/ordo.jpg","contentUrl":"https:\/\/ordo.lt\/wp-content\/uploads\/2019\/09\/ordo.jpg","width":1920,"height":791},{"@type":"BreadcrumbList","@id":"https:\/\/ordo.lt\/index.php\/apie-mus\/#breadcrumb","itemListElement":[{"@type":"ListItem","position":1,"name":"Home","item":"https:\/\/ordo.lt\/"},{"@type":"ListItem","position":2,"name":"Apie mus"}]},{"@type":"WebSite","@id":"https:\/\/ordo.lt\/#website","url":"https:\/\/ordo.lt\/","name":"UAB Ordo","description":"","publisher":{"@id":"https:\/\/ordo.lt\/#organization"},"potentialAction":[{"@type":"SearchAction","target":{"@type":"EntryPoint","urlTemplate":"https:\/\/ordo.lt\/?s={search_term_string}"},"query-input":{"@type":"PropertyValueSpecification","valueRequired":true,"valueName":"search_term_string"}}],"inLanguage":"lt-LT"},{"@type":"Organization","@id":"https:\/\/ordo.lt\/#organization","name":"UAB Ordo","url":"https:\/\/ordo.lt\/","logo":{"@type":"ImageObject","inLanguage":"lt-LT","@id":"https:\/\/ordo.lt\/#\/schema\/logo\/image\/","url":"https:\/\/ordo.lt\/wp-content\/uploads\/2019\/09\/ordo-logo-small.png","contentUrl":"https:\/\/ordo.lt\/wp-content\/uploads\/2019\/09\/ordo-logo-small.png","width":200,"height":104,"caption":"UAB Ordo"},"image":{"@id":"https:\/\/ordo.lt\/#\/schema\/logo\/image\/"}}]}},"_links":{"self":[{"href":"https:\/\/ordo.lt\/index.php\/wp-json\/wp\/v2\/pages\/61","targetHints":{"allow":["GET"]}}],"collection":[{"href":"https:\/\/ordo.lt\/index.php\/wp-json\/wp\/v2\/pages"}],"about":[{"href":"https:\/\/ordo.lt\/index.php\/wp-json\/wp\/v2\/types\/page"}],"author":[{"embeddable":true,"href":"https:\/\/ordo.lt\/index.php\/wp-json\/wp\/v2\/users\/1"}],"replies":[{"embeddable":true,"href":"https:\/\/ordo.lt\/index.php\/wp-json\/wp\/v2\/comments?post=61"}],"version-history":[{"count":27,"href":"https:\/\/ordo.lt\/index.php\/wp-json\/wp\/v2\/pages\/61\/revisions"}],"predecessor-version":[{"id":2224,"href":"https:\/\/ordo.lt\/index.php\/wp-json\/wp\/v2\/pages\/61\/revisions\/2224"}],"wp:featuredmedia":[{"embeddable":true,"href":"https:\/\/ordo.lt\/index.php\/wp-json\/wp\/v2\/media\/155"}],"wp:attachment":[{"href":"https:\/\/ordo.lt\/index.php\/wp-json\/wp\/v2\/media?parent=61"}],"curies":[{"name":"wp","href":"https:\/\/api.w.org\/{rel}","templated":true}]}}