{"id":71,"date":"2019-09-15T06:42:11","date_gmt":"2019-09-15T06:42:11","guid":{"rendered":"http:\/\/ordo.lt\/?page_id=71"},"modified":"2024-04-16T10:44:57","modified_gmt":"2024-04-16T10:44:57","slug":"paslaugos","status":"publish","type":"page","link":"https:\/\/ordo.lt\/index.php\/paslaugos\/","title":{"rendered":"Paslaugos"},"content":{"rendered":"\t\t<div data-elementor-type=\"wp-post\" data-elementor-id=\"71\" class=\"elementor elementor-71\">\n\t\t\t\t\t\t<section class=\"elementor-section elementor-top-section elementor-element elementor-element-454e6fb elementor-section-boxed elementor-section-height-default elementor-section-height-default\" data-id=\"454e6fb\" data-element_type=\"section\" data-e-type=\"section\" data-settings=\"{&quot;background_background&quot;:&quot;classic&quot;}\">\n\t\t\t\t\t\t<div class=\"elementor-container elementor-column-gap-default\">\n\t\t\t\t\t<div class=\"elementor-column elementor-col-100 elementor-top-column elementor-element elementor-element-4c4701d\" data-id=\"4c4701d\" data-element_type=\"column\" data-e-type=\"column\">\n\t\t\t<div class=\"elementor-widget-wrap elementor-element-populated\">\n\t\t\t\t\t\t<div class=\"elementor-element elementor-element-809dbd1 elementor-widget elementor-widget-heading\" data-id=\"809dbd1\" data-element_type=\"widget\" data-e-type=\"widget\" data-widget_type=\"heading.default\">\n\t\t\t\t<div class=\"elementor-widget-container\">\n\t\t\t\t\t<h2 class=\"elementor-heading-title elementor-size-default\">Paslaugos<\/h2>\t\t\t\t<\/div>\n\t\t\t\t<\/div>\n\t\t\t\t\t<\/div>\n\t\t<\/div>\n\t\t\t\t\t<\/div>\n\t\t<\/section>\n\t\t\t\t<section class=\"elementor-section elementor-top-section elementor-element elementor-element-dd87216 elementor-section-boxed elementor-section-height-default elementor-section-height-default\" data-id=\"dd87216\" data-element_type=\"section\" data-e-type=\"section\">\n\t\t\t\t\t\t<div class=\"elementor-container elementor-column-gap-default\">\n\t\t\t\t\t<div class=\"elementor-column elementor-col-33 elementor-top-column elementor-element elementor-element-c507a37\" data-id=\"c507a37\" data-element_type=\"column\" data-e-type=\"column\">\n\t\t\t<div class=\"elementor-widget-wrap\">\n\t\t\t\t\t\t\t<\/div>\n\t\t<\/div>\n\t\t\t\t<div class=\"elementor-column elementor-col-33 elementor-top-column elementor-element elementor-element-6c63f18\" data-id=\"6c63f18\" data-element_type=\"column\" data-e-type=\"column\">\n\t\t\t<div class=\"elementor-widget-wrap\">\n\t\t\t\t\t\t\t<\/div>\n\t\t<\/div>\n\t\t\t\t<div class=\"elementor-column elementor-col-33 elementor-top-column elementor-element elementor-element-a08fe61\" data-id=\"a08fe61\" data-element_type=\"column\" data-e-type=\"column\">\n\t\t\t<div class=\"elementor-widget-wrap\">\n\t\t\t\t\t\t\t<\/div>\n\t\t<\/div>\n\t\t\t\t\t<\/div>\n\t\t<\/section>\n\t\t\t\t<section class=\"elementor-section elementor-top-section elementor-element elementor-element-f0e42a3 elementor-section-boxed elementor-section-height-default elementor-section-height-default\" data-id=\"f0e42a3\" data-element_type=\"section\" data-e-type=\"section\">\n\t\t\t\t\t\t<div class=\"elementor-container elementor-column-gap-default\">\n\t\t\t\t\t<div class=\"elementor-column elementor-col-33 elementor-top-column elementor-element elementor-element-f0c1c14\" data-id=\"f0c1c14\" data-element_type=\"column\" data-e-type=\"column\">\n\t\t\t<div class=\"elementor-widget-wrap\">\n\t\t\t\t\t\t\t<\/div>\n\t\t<\/div>\n\t\t\t\t<div class=\"elementor-column elementor-col-33 elementor-top-column elementor-element elementor-element-13ee11e\" data-id=\"13ee11e\" data-element_type=\"column\" data-e-type=\"column\">\n\t\t\t<div class=\"elementor-widget-wrap\">\n\t\t\t\t\t\t\t<\/div>\n\t\t<\/div>\n\t\t\t\t<div class=\"elementor-column elementor-col-33 elementor-top-column elementor-element elementor-element-fe2f5a3\" data-id=\"fe2f5a3\" data-element_type=\"column\" data-e-type=\"column\">\n\t\t\t<div class=\"elementor-widget-wrap\">\n\t\t\t\t\t\t\t<\/div>\n\t\t<\/div>\n\t\t\t\t\t<\/div>\n\t\t<\/section>\n\t\t\t\t<\/div>\n\t\t","protected":false},"excerpt":{"rendered":"<p>Paslaugos Technikos nuoma Sunkve\u017eimiai, autobok\u0161teliai, ekskavatoriai, autogreideriai Pla\u010diau Rangos darbai \u0160aligatvi\u0173, aik\u0161teli\u0173 bei vietin\u0117s reik\u0161m\u0117s keli\u0173 pagrind\u0173 \u012frengimas, grindinio trinkeli\u0173 klojimas Pla\u010diau Elektros darb\u0173 paslaugos Patalp\u0173 ir lauko elektros instaliacijos darbai, gatvi\u0173 \u0161viesofor\u0173 ir ap\u0161vietimo \u012frengimas bei prie\u017ei\u016bra Pla\u010diau Serviso paslaugos Traktori\u0173, statybin\u0117s ir \u017eem\u0117s \u016bkio technikos remonto ir techninio aptarnavimo paslaugos. Dyzelini\u0173 kuro siurbli\u0173 &#8230; <a title=\"Paslaugos\" class=\"read-more\" href=\"https:\/\/ordo.lt\/index.php\/paslaugos\/\" aria-label=\"Read more about Paslaugos\">Read more<\/a><\/p>\n","protected":false},"author":1,"featured_media":155,"parent":0,"menu_order":0,"comment_status":"closed","ping_status":"closed","template":"","meta":{"footnotes":""},"class_list":["post-71","page","type-page","status-publish","has-post-thumbnail"],"yoast_head":"<!-- This site is optimized with the Yoast SEO Premium plugin v27.1 (Yoast SEO v27.1.1) - https:\/\/yoast.com\/product\/yoast-seo-premium-wordpress\/ -->\n<title>Paslaugos - UAB Ordo<\/title>\n<meta name=\"robots\" content=\"index, follow, max-snippet:-1, max-image-preview:large, max-video-preview:-1\" \/>\n<link rel=\"canonical\" href=\"https:\/\/ordo.lt\/index.php\/paslaugos\/\" \/>\n<meta property=\"og:locale\" content=\"lt_LT\" \/>\n<meta property=\"og:type\" content=\"article\" \/>\n<meta property=\"og:title\" content=\"Paslaugos\" \/>\n<meta property=\"og:description\" content=\"Paslaugos Technikos nuoma Sunkve\u017eimiai, autobok\u0161teliai, ekskavatoriai, autogreideriai Pla\u010diau Rangos darbai \u0160aligatvi\u0173, aik\u0161teli\u0173 bei vietin\u0117s reik\u0161m\u0117s keli\u0173 pagrind\u0173 \u012frengimas, grindinio trinkeli\u0173 klojimas Pla\u010diau Elektros darb\u0173 paslaugos Patalp\u0173 ir lauko elektros instaliacijos darbai, gatvi\u0173 \u0161viesofor\u0173 ir ap\u0161vietimo \u012frengimas bei prie\u017ei\u016bra Pla\u010diau Serviso paslaugos Traktori\u0173, statybin\u0117s ir \u017eem\u0117s \u016bkio technikos remonto ir techninio aptarnavimo paslaugos. Dyzelini\u0173 kuro siurbli\u0173 ... Read more\" \/>\n<meta property=\"og:url\" content=\"https:\/\/ordo.lt\/index.php\/paslaugos\/\" \/>\n<meta property=\"og:site_name\" content=\"UAB Ordo\" \/>\n<meta property=\"article:modified_time\" content=\"2024-04-16T10:44:57+00:00\" \/>\n<meta property=\"og:image\" content=\"https:\/\/ordo.lt\/wp-content\/uploads\/2019\/09\/ordo.jpg\" \/>\n\t<meta property=\"og:image:width\" content=\"1920\" \/>\n\t<meta property=\"og:image:height\" content=\"791\" \/>\n\t<meta property=\"og:image:type\" content=\"image\/jpeg\" \/>\n<meta name=\"twitter:card\" content=\"summary_large_image\" \/>\n<script type=\"application\/ld+json\" class=\"yoast-schema-graph\">{\"@context\":\"https:\/\/schema.org\",\"@graph\":[{\"@type\":\"WebPage\",\"@id\":\"https:\/\/ordo.lt\/index.php\/paslaugos\/\",\"url\":\"https:\/\/ordo.lt\/index.php\/paslaugos\/\",\"name\":\"Paslaugos - UAB Ordo\",\"isPartOf\":{\"@id\":\"https:\/\/ordo.lt\/#website\"},\"primaryImageOfPage\":{\"@id\":\"https:\/\/ordo.lt\/index.php\/paslaugos\/#primaryimage\"},\"image\":{\"@id\":\"https:\/\/ordo.lt\/index.php\/paslaugos\/#primaryimage\"},\"thumbnailUrl\":\"https:\/\/ordo.lt\/wp-content\/uploads\/2019\/09\/ordo.jpg\",\"datePublished\":\"2019-09-15T06:42:11+00:00\",\"dateModified\":\"2024-04-16T10:44:57+00:00\",\"breadcrumb\":{\"@id\":\"https:\/\/ordo.lt\/index.php\/paslaugos\/#breadcrumb\"},\"inLanguage\":\"lt-LT\",\"potentialAction\":[{\"@type\":\"ReadAction\",\"target\":[\"https:\/\/ordo.lt\/index.php\/paslaugos\/\"]}]},{\"@type\":\"ImageObject\",\"inLanguage\":\"lt-LT\",\"@id\":\"https:\/\/ordo.lt\/index.php\/paslaugos\/#primaryimage\",\"url\":\"https:\/\/ordo.lt\/wp-content\/uploads\/2019\/09\/ordo.jpg\",\"contentUrl\":\"https:\/\/ordo.lt\/wp-content\/uploads\/2019\/09\/ordo.jpg\",\"width\":1920,\"height\":791},{\"@type\":\"BreadcrumbList\",\"@id\":\"https:\/\/ordo.lt\/index.php\/paslaugos\/#breadcrumb\",\"itemListElement\":[{\"@type\":\"ListItem\",\"position\":1,\"name\":\"Home\",\"item\":\"https:\/\/ordo.lt\/\"},{\"@type\":\"ListItem\",\"position\":2,\"name\":\"Paslaugos\"}]},{\"@type\":\"WebSite\",\"@id\":\"https:\/\/ordo.lt\/#website\",\"url\":\"https:\/\/ordo.lt\/\",\"name\":\"UAB Ordo\",\"description\":\"\",\"publisher\":{\"@id\":\"https:\/\/ordo.lt\/#organization\"},\"potentialAction\":[{\"@type\":\"SearchAction\",\"target\":{\"@type\":\"EntryPoint\",\"urlTemplate\":\"https:\/\/ordo.lt\/?s={search_term_string}\"},\"query-input\":{\"@type\":\"PropertyValueSpecification\",\"valueRequired\":true,\"valueName\":\"search_term_string\"}}],\"inLanguage\":\"lt-LT\"},{\"@type\":\"Organization\",\"@id\":\"https:\/\/ordo.lt\/#organization\",\"name\":\"UAB Ordo\",\"url\":\"https:\/\/ordo.lt\/\",\"logo\":{\"@type\":\"ImageObject\",\"inLanguage\":\"lt-LT\",\"@id\":\"https:\/\/ordo.lt\/#\/schema\/logo\/image\/\",\"url\":\"https:\/\/ordo.lt\/wp-content\/uploads\/2019\/09\/ordo-logo-small.png\",\"contentUrl\":\"https:\/\/ordo.lt\/wp-content\/uploads\/2019\/09\/ordo-logo-small.png\",\"width\":200,\"height\":104,\"caption\":\"UAB Ordo\"},\"image\":{\"@id\":\"https:\/\/ordo.lt\/#\/schema\/logo\/image\/\"}}]}<\/script>\n<!-- \/ Yoast SEO Premium plugin. -->","yoast_head_json":{"title":"Paslaugos - UAB Ordo","robots":{"index":"index","follow":"follow","max-snippet":"max-snippet:-1","max-image-preview":"max-image-preview:large","max-video-preview":"max-video-preview:-1"},"canonical":"https:\/\/ordo.lt\/index.php\/paslaugos\/","og_locale":"lt_LT","og_type":"article","og_title":"Paslaugos","og_description":"Paslaugos Technikos nuoma Sunkve\u017eimiai, autobok\u0161teliai, ekskavatoriai, autogreideriai Pla\u010diau Rangos darbai \u0160aligatvi\u0173, aik\u0161teli\u0173 bei vietin\u0117s reik\u0161m\u0117s keli\u0173 pagrind\u0173 \u012frengimas, grindinio trinkeli\u0173 klojimas Pla\u010diau Elektros darb\u0173 paslaugos Patalp\u0173 ir lauko elektros instaliacijos darbai, gatvi\u0173 \u0161viesofor\u0173 ir ap\u0161vietimo \u012frengimas bei prie\u017ei\u016bra Pla\u010diau Serviso paslaugos Traktori\u0173, statybin\u0117s ir \u017eem\u0117s \u016bkio technikos remonto ir techninio aptarnavimo paslaugos. Dyzelini\u0173 kuro siurbli\u0173 ... Read more","og_url":"https:\/\/ordo.lt\/index.php\/paslaugos\/","og_site_name":"UAB Ordo","article_modified_time":"2024-04-16T10:44:57+00:00","og_image":[{"width":1920,"height":791,"url":"https:\/\/ordo.lt\/wp-content\/uploads\/2019\/09\/ordo.jpg","type":"image\/jpeg"}],"twitter_card":"summary_large_image","schema":{"@context":"https:\/\/schema.org","@graph":[{"@type":"WebPage","@id":"https:\/\/ordo.lt\/index.php\/paslaugos\/","url":"https:\/\/ordo.lt\/index.php\/paslaugos\/","name":"Paslaugos - UAB Ordo","isPartOf":{"@id":"https:\/\/ordo.lt\/#website"},"primaryImageOfPage":{"@id":"https:\/\/ordo.lt\/index.php\/paslaugos\/#primaryimage"},"image":{"@id":"https:\/\/ordo.lt\/index.php\/paslaugos\/#primaryimage"},"thumbnailUrl":"https:\/\/ordo.lt\/wp-content\/uploads\/2019\/09\/ordo.jpg","datePublished":"2019-09-15T06:42:11+00:00","dateModified":"2024-04-16T10:44:57+00:00","breadcrumb":{"@id":"https:\/\/ordo.lt\/index.php\/paslaugos\/#breadcrumb"},"inLanguage":"lt-LT","potentialAction":[{"@type":"ReadAction","target":["https:\/\/ordo.lt\/index.php\/paslaugos\/"]}]},{"@type":"ImageObject","inLanguage":"lt-LT","@id":"https:\/\/ordo.lt\/index.php\/paslaugos\/#primaryimage","url":"https:\/\/ordo.lt\/wp-content\/uploads\/2019\/09\/ordo.jpg","contentUrl":"https:\/\/ordo.lt\/wp-content\/uploads\/2019\/09\/ordo.jpg","width":1920,"height":791},{"@type":"BreadcrumbList","@id":"https:\/\/ordo.lt\/index.php\/paslaugos\/#breadcrumb","itemListElement":[{"@type":"ListItem","position":1,"name":"Home","item":"https:\/\/ordo.lt\/"},{"@type":"ListItem","position":2,"name":"Paslaugos"}]},{"@type":"WebSite","@id":"https:\/\/ordo.lt\/#website","url":"https:\/\/ordo.lt\/","name":"UAB Ordo","description":"","publisher":{"@id":"https:\/\/ordo.lt\/#organization"},"potentialAction":[{"@type":"SearchAction","target":{"@type":"EntryPoint","urlTemplate":"https:\/\/ordo.lt\/?s={search_term_string}"},"query-input":{"@type":"PropertyValueSpecification","valueRequired":true,"valueName":"search_term_string"}}],"inLanguage":"lt-LT"},{"@type":"Organization","@id":"https:\/\/ordo.lt\/#organization","name":"UAB Ordo","url":"https:\/\/ordo.lt\/","logo":{"@type":"ImageObject","inLanguage":"lt-LT","@id":"https:\/\/ordo.lt\/#\/schema\/logo\/image\/","url":"https:\/\/ordo.lt\/wp-content\/uploads\/2019\/09\/ordo-logo-small.png","contentUrl":"https:\/\/ordo.lt\/wp-content\/uploads\/2019\/09\/ordo-logo-small.png","width":200,"height":104,"caption":"UAB Ordo"},"image":{"@id":"https:\/\/ordo.lt\/#\/schema\/logo\/image\/"}}]}},"_links":{"self":[{"href":"https:\/\/ordo.lt\/index.php\/wp-json\/wp\/v2\/pages\/71","targetHints":{"allow":["GET"]}}],"collection":[{"href":"https:\/\/ordo.lt\/index.php\/wp-json\/wp\/v2\/pages"}],"about":[{"href":"https:\/\/ordo.lt\/index.php\/wp-json\/wp\/v2\/types\/page"}],"author":[{"embeddable":true,"href":"https:\/\/ordo.lt\/index.php\/wp-json\/wp\/v2\/users\/1"}],"replies":[{"embeddable":true,"href":"https:\/\/ordo.lt\/index.php\/wp-json\/wp\/v2\/comments?post=71"}],"version-history":[{"count":28,"href":"https:\/\/ordo.lt\/index.php\/wp-json\/wp\/v2\/pages\/71\/revisions"}],"predecessor-version":[{"id":2162,"href":"https:\/\/ordo.lt\/index.php\/wp-json\/wp\/v2\/pages\/71\/revisions\/2162"}],"wp:featuredmedia":[{"embeddable":true,"href":"https:\/\/ordo.lt\/index.php\/wp-json\/wp\/v2\/media\/155"}],"wp:attachment":[{"href":"https:\/\/ordo.lt\/index.php\/wp-json\/wp\/v2\/media?parent=71"}],"curies":[{"name":"wp","href":"https:\/\/api.w.org\/{rel}","templated":true}]}}