{"id":988,"date":"2019-12-10T20:37:44","date_gmt":"2019-12-10T20:37:44","guid":{"rendered":"http:\/\/ordo.lt\/?page_id=988"},"modified":"2020-02-09T20:19:26","modified_gmt":"2020-02-09T20:19:26","slug":"zibintai-ir-kita-el-iranga","status":"publish","type":"page","link":"https:\/\/ordo.lt\/index.php\/zibintai-ir-kita-el-iranga\/","title":{"rendered":"\u017dibintai ir kita el. \u012franga"},"content":{"rendered":"\t\t<div data-elementor-type=\"wp-page\" data-elementor-id=\"988\" class=\"elementor elementor-988\">\n\t\t\t\t\t\t<section class=\"elementor-section elementor-top-section elementor-element elementor-element-2a62dc6 elementor-section-boxed elementor-section-height-default elementor-section-height-default\" data-id=\"2a62dc6\" data-element_type=\"section\" data-e-type=\"section\" data-settings=\"{&quot;background_background&quot;:&quot;classic&quot;}\">\n\t\t\t\t\t\t<div class=\"elementor-container elementor-column-gap-default\">\n\t\t\t\t\t<div class=\"elementor-column elementor-col-100 elementor-top-column elementor-element elementor-element-816131a\" data-id=\"816131a\" data-element_type=\"column\" data-e-type=\"column\">\n\t\t\t<div class=\"elementor-widget-wrap elementor-element-populated\">\n\t\t\t\t\t\t<div class=\"elementor-element elementor-element-b0d7ce3 elementor-widget elementor-widget-heading\" data-id=\"b0d7ce3\" data-element_type=\"widget\" data-e-type=\"widget\" data-widget_type=\"heading.default\">\n\t\t\t\t<div class=\"elementor-widget-container\">\n\t\t\t\t\t<h2 class=\"elementor-heading-title elementor-size-default\">\u017dibintai ir kita elektronikos \u012franga<\/h2>\t\t\t\t<\/div>\n\t\t\t\t<\/div>\n\t\t\t\t\t<\/div>\n\t\t<\/div>\n\t\t\t\t\t<\/div>\n\t\t<\/section>\n\t\t\t\t<section class=\"elementor-section elementor-top-section elementor-element elementor-element-0cc0d63 elementor-section-content-middle elementor-section-boxed elementor-section-height-default elementor-section-height-default\" data-id=\"0cc0d63\" data-element_type=\"section\" data-e-type=\"section\">\n\t\t\t\t\t\t<div class=\"elementor-container elementor-column-gap-default\">\n\t\t\t\t\t<div class=\"elementor-column elementor-col-25 elementor-top-column elementor-element elementor-element-e962308\" data-id=\"e962308\" data-element_type=\"column\" data-e-type=\"column\">\n\t\t\t<div class=\"elementor-widget-wrap elementor-element-populated\">\n\t\t\t\t\t\t<div class=\"elementor-element elementor-element-8409e4c elementor-widget elementor-widget-image\" data-id=\"8409e4c\" data-element_type=\"widget\" data-e-type=\"widget\" data-widget_type=\"image.default\">\n\t\t\t\t<div class=\"elementor-widget-container\">\n\t\t\t\t\t\t\t\t\t\t\t\t<figure class=\"wp-caption\">\n\t\t\t\t\t\t\t\t\t\t\t<a href=\"https:\/\/ordo.lt\/index.php\/zibintai-ir-kita-el-iranga\/zibintai\/\">\n\t\t\t\t\t\t\t<img decoding=\"async\" src=\"https:\/\/ordo.lt\/wp-content\/uploads\/elementor\/thumbs\/002318-e1576011561883-ohzbqorlroqtl28l43d0njphhhfvtu2odt291hhpfk.jpg\" title=\"002318\" alt=\"002318\" class=\"elementor-animation-grow\" loading=\"lazy\" \/>\t\t\t\t\t\t\t\t<\/a>\n\t\t\t\t\t\t\t\t\t\t\t<figcaption class=\"widget-image-caption wp-caption-text\">\u017dibintai<\/figcaption>\n\t\t\t\t\t\t\t\t\t\t<\/figure>\n\t\t\t\t\t\t\t\t\t<\/div>\n\t\t\t\t<\/div>\n\t\t\t\t\t<\/div>\n\t\t<\/div>\n\t\t\t\t<div class=\"elementor-column elementor-col-25 elementor-top-column elementor-element elementor-element-67106e1\" data-id=\"67106e1\" data-element_type=\"column\" data-e-type=\"column\">\n\t\t\t<div class=\"elementor-widget-wrap elementor-element-populated\">\n\t\t\t\t\t\t<div class=\"elementor-element elementor-element-ddae1a7 elementor-widget elementor-widget-image\" data-id=\"ddae1a7\" data-element_type=\"widget\" data-e-type=\"widget\" data-widget_type=\"image.default\">\n\t\t\t\t<div class=\"elementor-widget-container\">\n\t\t\t\t\t\t\t\t\t\t\t\t<figure class=\"wp-caption\">\n\t\t\t\t\t\t\t\t\t\t\t<a href=\"https:\/\/ordo.lt\/index.php\/zibintai-ir-kita-el-iranga\/led-zibintai\/\">\n\t\t\t\t\t\t\t<img decoding=\"async\" src=\"https:\/\/ordo.lt\/wp-content\/uploads\/elementor\/thumbs\/w-e1576011833405-ohzbxsfpemgtazx7n5vjhr6v2afpzi9o0yibkqymf4.jpg\" title=\"w\" alt=\"w\" class=\"elementor-animation-grow\" loading=\"lazy\" \/>\t\t\t\t\t\t\t\t<\/a>\n\t\t\t\t\t\t\t\t\t\t\t<figcaption class=\"widget-image-caption wp-caption-text\">LED \u017eibintai<\/figcaption>\n\t\t\t\t\t\t\t\t\t\t<\/figure>\n\t\t\t\t\t\t\t\t\t<\/div>\n\t\t\t\t<\/div>\n\t\t\t\t\t<\/div>\n\t\t<\/div>\n\t\t\t\t<div class=\"elementor-column elementor-col-25 elementor-top-column elementor-element elementor-element-5eb007c\" data-id=\"5eb007c\" data-element_type=\"column\" data-e-type=\"column\">\n\t\t\t<div class=\"elementor-widget-wrap elementor-element-populated\">\n\t\t\t\t\t\t<div class=\"elementor-element elementor-element-ac50585 elementor-widget elementor-widget-image\" data-id=\"ac50585\" data-element_type=\"widget\" data-e-type=\"widget\" data-widget_type=\"image.default\">\n\t\t\t\t<div class=\"elementor-widget-container\">\n\t\t\t\t\t\t\t\t\t\t\t\t<figure class=\"wp-caption\">\n\t\t\t\t\t\t\t\t\t\t\t<a href=\"https:\/\/ordo.lt\/index.php\/zibintai-ir-kita-el-iranga\/svytureliai-blykstes\/\">\n\t\t\t\t\t\t\t<img decoding=\"async\" src=\"https:\/\/ordo.lt\/wp-content\/uploads\/elementor\/thumbs\/svv-e1576012076221-ohzc44uhjd5ho8pflelvtnjvex5wxygfwd1b6zjyf4.jpg\" title=\"svv\" alt=\"svv\" class=\"elementor-animation-grow\" loading=\"lazy\" \/>\t\t\t\t\t\t\t\t<\/a>\n\t\t\t\t\t\t\t\t\t\t\t<figcaption class=\"widget-image-caption wp-caption-text\">\u0160vytur\u0117liai, blykst\u0117s<\/figcaption>\n\t\t\t\t\t\t\t\t\t\t<\/figure>\n\t\t\t\t\t\t\t\t\t<\/div>\n\t\t\t\t<\/div>\n\t\t\t\t\t<\/div>\n\t\t<\/div>\n\t\t\t\t<div class=\"elementor-column elementor-col-25 elementor-top-column elementor-element elementor-element-fc65f41\" data-id=\"fc65f41\" data-element_type=\"column\" data-e-type=\"column\">\n\t\t\t<div class=\"elementor-widget-wrap elementor-element-populated\">\n\t\t\t\t\t\t<div class=\"elementor-element elementor-element-baafb5d elementor-widget elementor-widget-image\" data-id=\"baafb5d\" data-element_type=\"widget\" data-e-type=\"widget\" data-widget_type=\"image.default\">\n\t\t\t\t<div class=\"elementor-widget-container\">\n\t\t\t\t\t\t\t\t\t\t\t\t<figure class=\"wp-caption\">\n\t\t\t\t\t\t\t\t\t\t\t<a href=\"https:\/\/ordo.lt\/index.php\/zibintai-ir-kita-el-iranga\/akumuliatoriu-pakrovejai\/\">\n\t\t\t\t\t\t\t<img decoding=\"async\" src=\"https:\/\/ordo.lt\/wp-content\/uploads\/elementor\/thumbs\/p4t-e1576012293386-ohzc9stgqewpnmh5icrxcq2wbj8kc9y70eloc15iww.jpg\" title=\"p4t\" alt=\"p4t\" class=\"elementor-animation-grow\" loading=\"lazy\" \/>\t\t\t\t\t\t\t\t<\/a>\n\t\t\t\t\t\t\t\t\t\t\t<figcaption class=\"widget-image-caption wp-caption-text\">Akumuliatori\u0173 pakrov\u0117jai<\/figcaption>\n\t\t\t\t\t\t\t\t\t\t<\/figure>\n\t\t\t\t\t\t\t\t\t<\/div>\n\t\t\t\t<\/div>\n\t\t\t\t\t<\/div>\n\t\t<\/div>\n\t\t\t\t\t<\/div>\n\t\t<\/section>\n\t\t\t\t<\/div>\n\t\t","protected":false},"excerpt":{"rendered":"<p>\u017dibintai ir kita elektronikos \u012franga \u017dibintai LED \u017eibintai \u0160vytur\u0117liai, blykst\u0117s Akumuliatori\u0173 pakrov\u0117jai<\/p>\n","protected":false},"author":1,"featured_media":990,"parent":0,"menu_order":0,"comment_status":"closed","ping_status":"closed","template":"","meta":{"footnotes":""},"class_list":["post-988","page","type-page","status-publish","has-post-thumbnail"],"yoast_head":"<!-- This site is optimized with the Yoast SEO Premium plugin v27.1 (Yoast SEO v27.1.1) - https:\/\/yoast.com\/product\/yoast-seo-premium-wordpress\/ -->\n<title>\u017dibintai ir kita el. \u012franga - UAB Ordo<\/title>\n<meta name=\"robots\" content=\"index, follow, max-snippet:-1, max-image-preview:large, max-video-preview:-1\" \/>\n<link rel=\"canonical\" href=\"https:\/\/ordo.lt\/index.php\/zibintai-ir-kita-el-iranga\/\" \/>\n<meta property=\"og:locale\" content=\"lt_LT\" \/>\n<meta property=\"og:type\" content=\"article\" \/>\n<meta property=\"og:title\" content=\"\u017dibintai ir kita el. \u012franga\" \/>\n<meta property=\"og:description\" content=\"\u017dibintai ir kita elektronikos \u012franga \u017dibintai LED \u017eibintai \u0160vytur\u0117liai, blykst\u0117s Akumuliatori\u0173 pakrov\u0117jai\" \/>\n<meta property=\"og:url\" content=\"https:\/\/ordo.lt\/index.php\/zibintai-ir-kita-el-iranga\/\" \/>\n<meta property=\"og:site_name\" content=\"UAB Ordo\" \/>\n<meta property=\"article:modified_time\" content=\"2020-02-09T20:19:26+00:00\" \/>\n<meta property=\"og:image\" content=\"https:\/\/ordo.lt\/wp-content\/uploads\/2019\/12\/z200-1.jpg\" \/>\n\t<meta property=\"og:image:width\" content=\"1920\" \/>\n\t<meta property=\"og:image:height\" content=\"450\" \/>\n\t<meta property=\"og:image:type\" content=\"image\/jpeg\" \/>\n<meta name=\"twitter:card\" content=\"summary_large_image\" \/>\n<script type=\"application\/ld+json\" class=\"yoast-schema-graph\">{\"@context\":\"https:\/\/schema.org\",\"@graph\":[{\"@type\":\"WebPage\",\"@id\":\"https:\/\/ordo.lt\/index.php\/zibintai-ir-kita-el-iranga\/\",\"url\":\"https:\/\/ordo.lt\/index.php\/zibintai-ir-kita-el-iranga\/\",\"name\":\"\u017dibintai ir kita el. \u012franga - UAB Ordo\",\"isPartOf\":{\"@id\":\"https:\/\/ordo.lt\/#website\"},\"primaryImageOfPage\":{\"@id\":\"https:\/\/ordo.lt\/index.php\/zibintai-ir-kita-el-iranga\/#primaryimage\"},\"image\":{\"@id\":\"https:\/\/ordo.lt\/index.php\/zibintai-ir-kita-el-iranga\/#primaryimage\"},\"thumbnailUrl\":\"https:\/\/ordo.lt\/wp-content\/uploads\/2019\/12\/z200-1.jpg\",\"datePublished\":\"2019-12-10T20:37:44+00:00\",\"dateModified\":\"2020-02-09T20:19:26+00:00\",\"breadcrumb\":{\"@id\":\"https:\/\/ordo.lt\/index.php\/zibintai-ir-kita-el-iranga\/#breadcrumb\"},\"inLanguage\":\"lt-LT\",\"potentialAction\":[{\"@type\":\"ReadAction\",\"target\":[\"https:\/\/ordo.lt\/index.php\/zibintai-ir-kita-el-iranga\/\"]}]},{\"@type\":\"ImageObject\",\"inLanguage\":\"lt-LT\",\"@id\":\"https:\/\/ordo.lt\/index.php\/zibintai-ir-kita-el-iranga\/#primaryimage\",\"url\":\"https:\/\/ordo.lt\/wp-content\/uploads\/2019\/12\/z200-1.jpg\",\"contentUrl\":\"https:\/\/ordo.lt\/wp-content\/uploads\/2019\/12\/z200-1.jpg\",\"width\":1920,\"height\":450},{\"@type\":\"BreadcrumbList\",\"@id\":\"https:\/\/ordo.lt\/index.php\/zibintai-ir-kita-el-iranga\/#breadcrumb\",\"itemListElement\":[{\"@type\":\"ListItem\",\"position\":1,\"name\":\"Home\",\"item\":\"https:\/\/ordo.lt\/\"},{\"@type\":\"ListItem\",\"position\":2,\"name\":\"\u017dibintai ir kita el. \u012franga\"}]},{\"@type\":\"WebSite\",\"@id\":\"https:\/\/ordo.lt\/#website\",\"url\":\"https:\/\/ordo.lt\/\",\"name\":\"UAB Ordo\",\"description\":\"\",\"publisher\":{\"@id\":\"https:\/\/ordo.lt\/#organization\"},\"potentialAction\":[{\"@type\":\"SearchAction\",\"target\":{\"@type\":\"EntryPoint\",\"urlTemplate\":\"https:\/\/ordo.lt\/?s={search_term_string}\"},\"query-input\":{\"@type\":\"PropertyValueSpecification\",\"valueRequired\":true,\"valueName\":\"search_term_string\"}}],\"inLanguage\":\"lt-LT\"},{\"@type\":\"Organization\",\"@id\":\"https:\/\/ordo.lt\/#organization\",\"name\":\"UAB Ordo\",\"url\":\"https:\/\/ordo.lt\/\",\"logo\":{\"@type\":\"ImageObject\",\"inLanguage\":\"lt-LT\",\"@id\":\"https:\/\/ordo.lt\/#\/schema\/logo\/image\/\",\"url\":\"https:\/\/ordo.lt\/wp-content\/uploads\/2019\/09\/ordo-logo-small.png\",\"contentUrl\":\"https:\/\/ordo.lt\/wp-content\/uploads\/2019\/09\/ordo-logo-small.png\",\"width\":200,\"height\":104,\"caption\":\"UAB Ordo\"},\"image\":{\"@id\":\"https:\/\/ordo.lt\/#\/schema\/logo\/image\/\"}}]}<\/script>\n<!-- \/ Yoast SEO Premium plugin. -->","yoast_head_json":{"title":"\u017dibintai ir kita el. \u012franga - UAB Ordo","robots":{"index":"index","follow":"follow","max-snippet":"max-snippet:-1","max-image-preview":"max-image-preview:large","max-video-preview":"max-video-preview:-1"},"canonical":"https:\/\/ordo.lt\/index.php\/zibintai-ir-kita-el-iranga\/","og_locale":"lt_LT","og_type":"article","og_title":"\u017dibintai ir kita el. \u012franga","og_description":"\u017dibintai ir kita elektronikos \u012franga \u017dibintai LED \u017eibintai \u0160vytur\u0117liai, blykst\u0117s Akumuliatori\u0173 pakrov\u0117jai","og_url":"https:\/\/ordo.lt\/index.php\/zibintai-ir-kita-el-iranga\/","og_site_name":"UAB Ordo","article_modified_time":"2020-02-09T20:19:26+00:00","og_image":[{"width":1920,"height":450,"url":"https:\/\/ordo.lt\/wp-content\/uploads\/2019\/12\/z200-1.jpg","type":"image\/jpeg"}],"twitter_card":"summary_large_image","schema":{"@context":"https:\/\/schema.org","@graph":[{"@type":"WebPage","@id":"https:\/\/ordo.lt\/index.php\/zibintai-ir-kita-el-iranga\/","url":"https:\/\/ordo.lt\/index.php\/zibintai-ir-kita-el-iranga\/","name":"\u017dibintai ir kita el. \u012franga - UAB Ordo","isPartOf":{"@id":"https:\/\/ordo.lt\/#website"},"primaryImageOfPage":{"@id":"https:\/\/ordo.lt\/index.php\/zibintai-ir-kita-el-iranga\/#primaryimage"},"image":{"@id":"https:\/\/ordo.lt\/index.php\/zibintai-ir-kita-el-iranga\/#primaryimage"},"thumbnailUrl":"https:\/\/ordo.lt\/wp-content\/uploads\/2019\/12\/z200-1.jpg","datePublished":"2019-12-10T20:37:44+00:00","dateModified":"2020-02-09T20:19:26+00:00","breadcrumb":{"@id":"https:\/\/ordo.lt\/index.php\/zibintai-ir-kita-el-iranga\/#breadcrumb"},"inLanguage":"lt-LT","potentialAction":[{"@type":"ReadAction","target":["https:\/\/ordo.lt\/index.php\/zibintai-ir-kita-el-iranga\/"]}]},{"@type":"ImageObject","inLanguage":"lt-LT","@id":"https:\/\/ordo.lt\/index.php\/zibintai-ir-kita-el-iranga\/#primaryimage","url":"https:\/\/ordo.lt\/wp-content\/uploads\/2019\/12\/z200-1.jpg","contentUrl":"https:\/\/ordo.lt\/wp-content\/uploads\/2019\/12\/z200-1.jpg","width":1920,"height":450},{"@type":"BreadcrumbList","@id":"https:\/\/ordo.lt\/index.php\/zibintai-ir-kita-el-iranga\/#breadcrumb","itemListElement":[{"@type":"ListItem","position":1,"name":"Home","item":"https:\/\/ordo.lt\/"},{"@type":"ListItem","position":2,"name":"\u017dibintai ir kita el. \u012franga"}]},{"@type":"WebSite","@id":"https:\/\/ordo.lt\/#website","url":"https:\/\/ordo.lt\/","name":"UAB Ordo","description":"","publisher":{"@id":"https:\/\/ordo.lt\/#organization"},"potentialAction":[{"@type":"SearchAction","target":{"@type":"EntryPoint","urlTemplate":"https:\/\/ordo.lt\/?s={search_term_string}"},"query-input":{"@type":"PropertyValueSpecification","valueRequired":true,"valueName":"search_term_string"}}],"inLanguage":"lt-LT"},{"@type":"Organization","@id":"https:\/\/ordo.lt\/#organization","name":"UAB Ordo","url":"https:\/\/ordo.lt\/","logo":{"@type":"ImageObject","inLanguage":"lt-LT","@id":"https:\/\/ordo.lt\/#\/schema\/logo\/image\/","url":"https:\/\/ordo.lt\/wp-content\/uploads\/2019\/09\/ordo-logo-small.png","contentUrl":"https:\/\/ordo.lt\/wp-content\/uploads\/2019\/09\/ordo-logo-small.png","width":200,"height":104,"caption":"UAB Ordo"},"image":{"@id":"https:\/\/ordo.lt\/#\/schema\/logo\/image\/"}}]}},"_links":{"self":[{"href":"https:\/\/ordo.lt\/index.php\/wp-json\/wp\/v2\/pages\/988","targetHints":{"allow":["GET"]}}],"collection":[{"href":"https:\/\/ordo.lt\/index.php\/wp-json\/wp\/v2\/pages"}],"about":[{"href":"https:\/\/ordo.lt\/index.php\/wp-json\/wp\/v2\/types\/page"}],"author":[{"embeddable":true,"href":"https:\/\/ordo.lt\/index.php\/wp-json\/wp\/v2\/users\/1"}],"replies":[{"embeddable":true,"href":"https:\/\/ordo.lt\/index.php\/wp-json\/wp\/v2\/comments?post=988"}],"version-history":[{"count":13,"href":"https:\/\/ordo.lt\/index.php\/wp-json\/wp\/v2\/pages\/988\/revisions"}],"predecessor-version":[{"id":1309,"href":"https:\/\/ordo.lt\/index.php\/wp-json\/wp\/v2\/pages\/988\/revisions\/1309"}],"wp:featuredmedia":[{"embeddable":true,"href":"https:\/\/ordo.lt\/index.php\/wp-json\/wp\/v2\/media\/990"}],"wp:attachment":[{"href":"https:\/\/ordo.lt\/index.php\/wp-json\/wp\/v2\/media?parent=988"}],"curies":[{"name":"wp","href":"https:\/\/api.w.org\/{rel}","templated":true}]}}